{"id":48044,"date":"2025-07-22T10:33:07","date_gmt":"2025-07-22T14:33:07","guid":{"rendered":"https:\/\/edyka.org\/produit\/editions-passe-temps\/"},"modified":"2025-07-22T10:33:07","modified_gmt":"2025-07-22T14:33:07","slug":"editions-passe-temps","status":"publish","type":"product","link":"https:\/\/edyka.org\/en\/produit\/editions-passe-temps\/","title":{"rendered":"Editions passe temps"},"content":{"rendered":"<p><a href=\"https:\/\/passetemps.com\/\" rel=\"nofollow\">https:\/\/passetemps.com\/<\/a><\/p>\n","protected":false},"excerpt":{"rendered":"<p>Les \u00c9ditions Passe-Temps sont des pr\u00e9curseurs dans l\u2019\u00e9dition de mat\u00e9riel p\u00e9dagogique compl\u00e9mentaire et ludique. Fond\u00e9e en 1996, l\u2019entreprise familiale a \u00e9t\u00e9 une v\u00e9ritable pionni\u00e8re dans l\u2019\u00e9dition d\u2019ateliers \u00e9ducatifs plastifi\u00e9s. Depuis, ce genre de produit est souvent imit\u00e9, mais jamais \u00e9gal\u00e9! <\/p>\n","protected":false},"featured_media":34930,"template":"","meta":[],"product_brand":[],"product_cat":[1081,1114,1077,1102],"product_tag":[],"class_list":{"0":"post-48044","1":"product","2":"type-product","3":"status-publish","4":"has-post-thumbnail","6":"product_cat-french","7":"product_cat-practical","8":"product_cat-text","9":"product_cat-tools","11":"first","12":"instock","13":"shipping-taxable","14":"product-type-simple"},"jetpack_sharing_enabled":true,"_links":{"self":[{"href":"https:\/\/edyka.org\/en\/wp-json\/wp\/v2\/product\/48044","targetHints":{"allow":["GET"]}}],"collection":[{"href":"https:\/\/edyka.org\/en\/wp-json\/wp\/v2\/product"}],"about":[{"href":"https:\/\/edyka.org\/en\/wp-json\/wp\/v2\/types\/product"}],"wp:featuredmedia":[{"embeddable":true,"href":"https:\/\/edyka.org\/en\/wp-json\/wp\/v2\/media\/34930"}],"wp:attachment":[{"href":"https:\/\/edyka.org\/en\/wp-json\/wp\/v2\/media?parent=48044"}],"wp:term":[{"taxonomy":"product_brand","embeddable":true,"href":"https:\/\/edyka.org\/en\/wp-json\/wp\/v2\/product_brand?post=48044"},{"taxonomy":"product_cat","embeddable":true,"href":"https:\/\/edyka.org\/en\/wp-json\/wp\/v2\/product_cat?post=48044"},{"taxonomy":"product_tag","embeddable":true,"href":"https:\/\/edyka.org\/en\/wp-json\/wp\/v2\/product_tag?post=48044"}],"curies":[{"name":"wp","href":"https:\/\/api.w.org\/{rel}","templated":true}]}}