{"id":48042,"date":"2025-07-22T10:33:08","date_gmt":"2025-07-22T14:33:08","guid":{"rendered":"https:\/\/edyka.org\/produit\/groupe-dentrainement-aux-habiletes-sociales\/"},"modified":"2025-07-22T10:33:08","modified_gmt":"2025-07-22T14:33:08","slug":"groupe-dentrainement-aux-habiletes-sociales","status":"publish","type":"product","link":"https:\/\/edyka.org\/en\/produit\/groupe-dentrainement-aux-habiletes-sociales\/","title":{"rendered":"Groupe d\u2019entra\u00eenement aux habilet\u00e9s sociales"},"content":{"rendered":"<p>L&#8217;article est dans notre drive groupe-ehs-ados-adultes, je t&#8217;envoie une copie par courriel<\/p>\n","protected":false},"excerpt":{"rendered":"<p>Cet article traite de l&#8217;importance de d\u00e9velopper les habilet\u00e9s sociales pour am\u00e9liorer les relations interpersonnelles et la communication. Il d\u00e9crit comment un groupe d&#8217;entra\u00eenement aux habilet\u00e9s sociales peut aider les individus \u00e0 acqu\u00e9rir de nouvelles comp\u00e9tences en mati\u00e8re de communication, de r\u00e9solution de conflits et de gestion des \u00e9motions. Les participants apprendront \u00e9galement \u00e0 identifier et \u00e0 surmonter les obstacles qui peuvent entraver leur capacit\u00e9 \u00e0 \u00e9tablir des relations saines et significatives.<\/p>\n","protected":false},"featured_media":37670,"template":"","meta":[],"product_brand":[],"product_cat":[1081,1116,1108,1077],"product_tag":[],"class_list":{"0":"post-48042","1":"product","2":"type-product","3":"status-publish","4":"has-post-thumbnail","6":"product_cat-french","7":"product_cat-scientific","8":"product_cat-social-skills","9":"product_cat-text","11":"first","12":"instock","13":"shipping-taxable","14":"product-type-simple"},"jetpack_sharing_enabled":true,"_links":{"self":[{"href":"https:\/\/edyka.org\/en\/wp-json\/wp\/v2\/product\/48042","targetHints":{"allow":["GET"]}}],"collection":[{"href":"https:\/\/edyka.org\/en\/wp-json\/wp\/v2\/product"}],"about":[{"href":"https:\/\/edyka.org\/en\/wp-json\/wp\/v2\/types\/product"}],"wp:featuredmedia":[{"embeddable":true,"href":"https:\/\/edyka.org\/en\/wp-json\/wp\/v2\/media\/37670"}],"wp:attachment":[{"href":"https:\/\/edyka.org\/en\/wp-json\/wp\/v2\/media?parent=48042"}],"wp:term":[{"taxonomy":"product_brand","embeddable":true,"href":"https:\/\/edyka.org\/en\/wp-json\/wp\/v2\/product_brand?post=48042"},{"taxonomy":"product_cat","embeddable":true,"href":"https:\/\/edyka.org\/en\/wp-json\/wp\/v2\/product_cat?post=48042"},{"taxonomy":"product_tag","embeddable":true,"href":"https:\/\/edyka.org\/en\/wp-json\/wp\/v2\/product_tag?post=48042"}],"curies":[{"name":"wp","href":"https:\/\/api.w.org\/{rel}","templated":true}]}}