{"id":48037,"date":"2025-07-22T10:33:09","date_gmt":"2025-07-22T14:33:09","guid":{"rendered":"https:\/\/edyka.org\/produit\/quest-ce-que-la-dysorthographie-et-comment-aider-votre-enfant\/"},"modified":"2025-07-22T10:33:09","modified_gmt":"2025-07-22T14:33:09","slug":"quest-ce-que-la-dysorthographie-et-comment-aider-votre-enfant","status":"publish","type":"product","link":"https:\/\/edyka.org\/en\/produit\/quest-ce-que-la-dysorthographie-et-comment-aider-votre-enfant\/","title":{"rendered":"Qu&#8217;est-ce que la dysorthographie et comment aider votre enfant"},"content":{"rendered":"<p><iframe loading=\"lazy\" title=\"Qu&#039;est-ce que la dysorthographie et comment aider votre enfant\" width=\"1200\" height=\"675\" src=\"https:\/\/www.youtube.com\/embed\/lo-hYTs9ADU?feature=oembed\" frameborder=\"0\" allow=\"accelerometer; autoplay; clipboard-write; encrypted-media; gyroscope; picture-in-picture; web-share\" referrerpolicy=\"strict-origin-when-cross-origin\" allowfullscreen><\/iframe><\/p>\n","protected":false},"excerpt":{"rendered":"<p>La dysorthographie est un trouble sp\u00e9cifique du langage \u00e9crit, marqu\u00e9 par des difficult\u00e9s en orthographe, grammaire et syntaxe, malgr\u00e9 une intelligence et une compr\u00e9hension normales.<br \/>\nElle se rep\u00e8re via des bilans orthophoniques et psychop\u00e9dagogiques, et se distingue clairement d&#8217;un simple manque d&#8217;effort ou d&#8217;enseignement.<br \/>\nLa vid\u00e9o propose des strat\u00e9gies d&#8217;accompagnement : dict\u00e9es adapt\u00e9es, outils num\u00e9riques, corrections \u00e9tag\u00e9es et valorisation des comp\u00e9tences de l\u2019enfant pour r\u00e9duire la charge orthographique et stimuler la confiance.<\/p>\n","protected":false},"featured_media":23661,"template":"","meta":[],"product_brand":[],"product_cat":[1092,1081,1097,1118,1117,1078],"product_tag":[],"class_list":{"0":"post-48037","1":"product","2":"type-product","3":"status-publish","4":"has-post-thumbnail","6":"product_cat-dysorthographia","7":"product_cat-french","8":"product_cat-learning","9":"product_cat-popularization","10":"product_cat-testimonial","11":"product_cat-video-en","13":"first","14":"instock","15":"shipping-taxable","16":"product-type-simple"},"jetpack_sharing_enabled":true,"_links":{"self":[{"href":"https:\/\/edyka.org\/en\/wp-json\/wp\/v2\/product\/48037","targetHints":{"allow":["GET"]}}],"collection":[{"href":"https:\/\/edyka.org\/en\/wp-json\/wp\/v2\/product"}],"about":[{"href":"https:\/\/edyka.org\/en\/wp-json\/wp\/v2\/types\/product"}],"wp:featuredmedia":[{"embeddable":true,"href":"https:\/\/edyka.org\/en\/wp-json\/wp\/v2\/media\/23661"}],"wp:attachment":[{"href":"https:\/\/edyka.org\/en\/wp-json\/wp\/v2\/media?parent=48037"}],"wp:term":[{"taxonomy":"product_brand","embeddable":true,"href":"https:\/\/edyka.org\/en\/wp-json\/wp\/v2\/product_brand?post=48037"},{"taxonomy":"product_cat","embeddable":true,"href":"https:\/\/edyka.org\/en\/wp-json\/wp\/v2\/product_cat?post=48037"},{"taxonomy":"product_tag","embeddable":true,"href":"https:\/\/edyka.org\/en\/wp-json\/wp\/v2\/product_tag?post=48037"}],"curies":[{"name":"wp","href":"https:\/\/api.w.org\/{rel}","templated":true}]}}