{"id":48032,"date":"2025-07-22T10:33:11","date_gmt":"2025-07-22T14:33:11","guid":{"rendered":"https:\/\/edyka.org\/produit\/peppa-pig-english\/"},"modified":"2025-07-22T10:33:11","modified_gmt":"2025-07-22T14:33:11","slug":"peppa-pig-english","status":"publish","type":"product","link":"https:\/\/edyka.org\/en\/produit\/peppa-pig-english\/","title":{"rendered":"Peppa Pig English"},"content":{"rendered":"<p><a href=\"https:\/\/www.youtube.com\/channel\/UCXptamDYEVcU4JCio30hYTw\" rel=\"nofollow\">https:\/\/www.youtube.com\/channel\/UCXptamDYEVcU4JCio30hYTw<\/a><\/p>\n","protected":false},"excerpt":{"rendered":"<p>Peppa, petit cochon le plus c\u00e9l\u00e8bre, est id\u00e9al pour les plus petits et elle peut \u00eatre \u00e9galement un instrument utile pour les adultes qui en sont encore aux premi\u00e8res phases d\u2019apprentissage de la langue anglaise.  langage simple et riche en r\u00e9p\u00e9titions. \u202f <\/p>\n","protected":false},"featured_media":37654,"template":"","meta":[],"product_brand":[],"product_cat":[1080,1097,1078,1113],"product_tag":[],"class_list":{"0":"post-48032","1":"product","2":"type-product","3":"status-publish","4":"has-post-thumbnail","6":"product_cat-english","7":"product_cat-learning","8":"product_cat-video-en","9":"product_cat-youth","11":"first","12":"instock","13":"shipping-taxable","14":"product-type-simple"},"jetpack_sharing_enabled":true,"_links":{"self":[{"href":"https:\/\/edyka.org\/en\/wp-json\/wp\/v2\/product\/48032","targetHints":{"allow":["GET"]}}],"collection":[{"href":"https:\/\/edyka.org\/en\/wp-json\/wp\/v2\/product"}],"about":[{"href":"https:\/\/edyka.org\/en\/wp-json\/wp\/v2\/types\/product"}],"wp:featuredmedia":[{"embeddable":true,"href":"https:\/\/edyka.org\/en\/wp-json\/wp\/v2\/media\/37654"}],"wp:attachment":[{"href":"https:\/\/edyka.org\/en\/wp-json\/wp\/v2\/media?parent=48032"}],"wp:term":[{"taxonomy":"product_brand","embeddable":true,"href":"https:\/\/edyka.org\/en\/wp-json\/wp\/v2\/product_brand?post=48032"},{"taxonomy":"product_cat","embeddable":true,"href":"https:\/\/edyka.org\/en\/wp-json\/wp\/v2\/product_cat?post=48032"},{"taxonomy":"product_tag","embeddable":true,"href":"https:\/\/edyka.org\/en\/wp-json\/wp\/v2\/product_tag?post=48032"}],"curies":[{"name":"wp","href":"https:\/\/api.w.org\/{rel}","templated":true}]}}