{"id":48028,"date":"2025-07-22T10:33:17","date_gmt":"2025-07-22T14:33:17","guid":{"rendered":"https:\/\/edyka.org\/produit\/collection-delie-mes-mots\/"},"modified":"2025-07-22T10:33:17","modified_gmt":"2025-07-22T14:33:17","slug":"collection-delie-mes-mots","status":"publish","type":"product","link":"https:\/\/edyka.org\/en\/produit\/collection-delie-mes-mots\/","title":{"rendered":"Collection \u00ab\u202fD\u00e9lie Mes mots\u202f\u00bb"},"content":{"rendered":"<p><a href=\"https:\/\/www.leslibraires.ca\/collection\/Delie%20mes%20mots?srsltid=AfmBOoqlmhBbYLtsm5sNy_udMnFKJUxDEFyxuUe7BiDISUYbSfyw_KmJ\" rel=\"nofollow\">https:\/\/www.leslibraires.ca\/collection\/Delie%20mes%20mots?srsltid=AfmBOoqlmhBbYLtsm5sNy_udMnFKJUxDEFyxuUe7BiDISUYbSfyw_KmJ<\/a><\/p>\n","protected":false},"excerpt":{"rendered":"<p>Collection \u00ab\u202fD\u00e9lie Mes mots\u202f\u00bb propose une mise en page claire et adapt\u00e9e aux enfants Dys, mais aussi \u00e0 tous ceux rencontrant des difficult\u00e9s avec la lecture. Avec des histoires passionnantes de Marie-Nuage Giudicelli et de Martina Peluso, tr\u00e8s bien illustr\u00e9es, l\u2019enfant est fier de voir ses progr\u00e8s en lecture. R\u00e9alis\u00e9 par une orthophoniste, chaque livre affiche des syllabes color\u00e9es, des mots expliqu\u00e9s, une police et un fond de couleur adapt\u00e9s<\/p>\n","protected":false},"featured_media":34930,"template":"","meta":[],"product_brand":[],"product_cat":[1115,1081,1097,1077],"product_tag":[],"class_list":{"0":"post-48028","1":"product","2":"type-product","3":"status-publish","4":"has-post-thumbnail","6":"product_cat-educational","7":"product_cat-french","8":"product_cat-learning","9":"product_cat-text","11":"first","12":"instock","13":"shipping-taxable","14":"product-type-simple"},"jetpack_sharing_enabled":true,"_links":{"self":[{"href":"https:\/\/edyka.org\/en\/wp-json\/wp\/v2\/product\/48028","targetHints":{"allow":["GET"]}}],"collection":[{"href":"https:\/\/edyka.org\/en\/wp-json\/wp\/v2\/product"}],"about":[{"href":"https:\/\/edyka.org\/en\/wp-json\/wp\/v2\/types\/product"}],"wp:featuredmedia":[{"embeddable":true,"href":"https:\/\/edyka.org\/en\/wp-json\/wp\/v2\/media\/34930"}],"wp:attachment":[{"href":"https:\/\/edyka.org\/en\/wp-json\/wp\/v2\/media?parent=48028"}],"wp:term":[{"taxonomy":"product_brand","embeddable":true,"href":"https:\/\/edyka.org\/en\/wp-json\/wp\/v2\/product_brand?post=48028"},{"taxonomy":"product_cat","embeddable":true,"href":"https:\/\/edyka.org\/en\/wp-json\/wp\/v2\/product_cat?post=48028"},{"taxonomy":"product_tag","embeddable":true,"href":"https:\/\/edyka.org\/en\/wp-json\/wp\/v2\/product_tag?post=48028"}],"curies":[{"name":"wp","href":"https:\/\/api.w.org\/{rel}","templated":true}]}}