{"id":48027,"date":"2025-07-22T10:33:17","date_gmt":"2025-07-22T14:33:17","guid":{"rendered":"https:\/\/edyka.org\/produit\/crayons-ergonomiques-lyra-groove\/"},"modified":"2025-07-22T10:33:17","modified_gmt":"2025-07-22T14:33:17","slug":"crayons-ergonomiques-lyra-groove","status":"publish","type":"product","link":"https:\/\/edyka.org\/en\/produit\/crayons-ergonomiques-lyra-groove\/","title":{"rendered":"Crayons ergonomiques Lyra Groove"},"content":{"rendered":"<p><a href=\"https:\/\/tplb-calipage.fournituredebureau.net\/lyra-lyra-pot-48-crayons-couleur-ergonomiques-triangulaires-groove-slim-couleurs-assorties_SKU233826.html\" rel=\"nofollow\">https:\/\/tplb-calipage.fournituredebureau.net\/lyra-lyra-pot-48-crayons-couleur-ergonomiques-triangulaires-groove-slim-couleurs-assorties_SKU233826.html<\/a><\/p>\n","protected":false},"excerpt":{"rendered":"<p>Ces crayons \u00e9paissis de la marque Lyra sont dot\u00e9s d&#8217;une forme triangulaire ergonomique qui facilite la prise en main. Ils offrent une meilleure stabilit\u00e9 lors de l&#8217;\u00e9criture et aident \u00e0 am\u00e9liorer la motricit\u00e9 fine.\u00a0<\/p>\n","protected":false},"featured_media":37662,"template":"","meta":[],"product_brand":[],"product_cat":[1080,1081,1100,1076,1114],"product_tag":[],"class_list":{"0":"post-48027","1":"product","2":"type-product","3":"status-publish","4":"has-post-thumbnail","6":"product_cat-english","7":"product_cat-french","8":"product_cat-motor-coordination","9":"product_cat-physical","10":"product_cat-practical","12":"first","13":"instock","14":"shipping-taxable","15":"product-type-simple"},"jetpack_sharing_enabled":true,"_links":{"self":[{"href":"https:\/\/edyka.org\/en\/wp-json\/wp\/v2\/product\/48027","targetHints":{"allow":["GET"]}}],"collection":[{"href":"https:\/\/edyka.org\/en\/wp-json\/wp\/v2\/product"}],"about":[{"href":"https:\/\/edyka.org\/en\/wp-json\/wp\/v2\/types\/product"}],"wp:featuredmedia":[{"embeddable":true,"href":"https:\/\/edyka.org\/en\/wp-json\/wp\/v2\/media\/37662"}],"wp:attachment":[{"href":"https:\/\/edyka.org\/en\/wp-json\/wp\/v2\/media?parent=48027"}],"wp:term":[{"taxonomy":"product_brand","embeddable":true,"href":"https:\/\/edyka.org\/en\/wp-json\/wp\/v2\/product_brand?post=48027"},{"taxonomy":"product_cat","embeddable":true,"href":"https:\/\/edyka.org\/en\/wp-json\/wp\/v2\/product_cat?post=48027"},{"taxonomy":"product_tag","embeddable":true,"href":"https:\/\/edyka.org\/en\/wp-json\/wp\/v2\/product_tag?post=48027"}],"curies":[{"name":"wp","href":"https:\/\/api.w.org\/{rel}","templated":true}]}}