{"id":48026,"date":"2025-07-22T10:33:25","date_gmt":"2025-07-22T14:33:25","guid":{"rendered":"https:\/\/edyka.org\/produit\/laisse-moi-texpliquer-la-dyslexie-la-dysorthographie\/"},"modified":"2025-07-22T10:33:25","modified_gmt":"2025-07-22T14:33:25","slug":"laisse-moi-texpliquer-la-dyslexie-la-dysorthographie","status":"publish","type":"product","link":"https:\/\/edyka.org\/en\/produit\/laisse-moi-texpliquer-la-dyslexie-la-dysorthographie\/","title":{"rendered":"Laisse-moi t&#8217;expliquer la dyslexie, la dysorthographie"},"content":{"rendered":"<p><a href=\"https:\/\/www.pirouette-editions.fr\/laisse-moi-t-expliquer-la-dyslexie-1069.fr\" rel=\"nofollow\">https:\/\/www.pirouette-editions.fr\/laisse-moi-t-expliquer-la-dyslexie-1069.fr<\/a><\/p>\n","protected":false},"excerpt":{"rendered":"<p>Un peu \u00e0 la mani\u00e8re d\u2019un collage r\u00e9alis\u00e9 par un enfant, \u00ab Laisse-moi t\u2019expliquer\u2026 la dyslexie-dysorthographie \u00bb pr\u00e9sente l\u2019histoire d\u2019un gar\u00e7on qui raconte, dans ses mots et \u00e0 l\u2019aide d\u2019images amusantes, comment il vit avec cette r\u00e9alit\u00e9. Agr\u00e9ment\u00e9 de plusieurs trucs et conseils avis\u00e9s, cet ouvrage de vulgarisation est con\u00e7u express\u00e9ment pour plaire aux enfants et pour les aider \u00e0 mieux vivre ou \u00e0 mieux comprendre la diff\u00e9rence.<\/p>\n","protected":false},"featured_media":23637,"template":"","meta":[],"product_brand":[],"product_cat":[1091,1081,1118,1077,1113],"product_tag":[],"class_list":{"0":"post-48026","1":"product","2":"type-product","3":"status-publish","4":"has-post-thumbnail","6":"product_cat-dyslexia","7":"product_cat-french","8":"product_cat-popularization","9":"product_cat-text","10":"product_cat-youth","12":"first","13":"instock","14":"shipping-taxable","15":"product-type-simple"},"jetpack_sharing_enabled":true,"_links":{"self":[{"href":"https:\/\/edyka.org\/en\/wp-json\/wp\/v2\/product\/48026","targetHints":{"allow":["GET"]}}],"collection":[{"href":"https:\/\/edyka.org\/en\/wp-json\/wp\/v2\/product"}],"about":[{"href":"https:\/\/edyka.org\/en\/wp-json\/wp\/v2\/types\/product"}],"wp:featuredmedia":[{"embeddable":true,"href":"https:\/\/edyka.org\/en\/wp-json\/wp\/v2\/media\/23637"}],"wp:attachment":[{"href":"https:\/\/edyka.org\/en\/wp-json\/wp\/v2\/media?parent=48026"}],"wp:term":[{"taxonomy":"product_brand","embeddable":true,"href":"https:\/\/edyka.org\/en\/wp-json\/wp\/v2\/product_brand?post=48026"},{"taxonomy":"product_cat","embeddable":true,"href":"https:\/\/edyka.org\/en\/wp-json\/wp\/v2\/product_cat?post=48026"},{"taxonomy":"product_tag","embeddable":true,"href":"https:\/\/edyka.org\/en\/wp-json\/wp\/v2\/product_tag?post=48026"}],"curies":[{"name":"wp","href":"https:\/\/api.w.org\/{rel}","templated":true}]}}