{"id":48019,"date":"2025-07-22T10:33:32","date_gmt":"2025-07-22T14:33:32","guid":{"rendered":"https:\/\/edyka.org\/produit\/creer-des-liens-des-relations-de-partenariat-pour-reussir-la-scolarite\/"},"modified":"2026-04-06T18:10:30","modified_gmt":"2026-04-06T22:10:30","slug":"creer-des-liens-des-relations-de-partenariat-pour-reussir-la-scolarite","status":"publish","type":"product","link":"https:\/\/edyka.org\/en\/produit\/creer-des-liens-des-relations-de-partenariat-pour-reussir-la-scolarite\/","title":{"rendered":"Cr\u00e9er des liens : des relations de partenariat pour r\u00e9ussir la scolarit\u00e9"},"content":{"rendered":"<p><a href=\"http:\/\/www.canalautisme.com\/creacuteer-des-liens&#8211;des-relations-de-partenariat-pour-reacuteussir-la-scolariteacute.html\" rel=\"nofollow\">http:\/\/www.canalautisme.com\/creacuteer-des-liens&#8211;des-relations-de-partenariat-pour-reacuteussir-la-scolariteacute.html<\/a><\/p>\n","protected":false},"excerpt":{"rendered":"<p>Formation compos\u00e9e de modules ind\u00e9pendants de quelques minutes<br \/>\nConna\u00eetre les enjeux des relations entre tous les partenaires autour de l&#8217;enfant avec autisme en vue de r\u00e9ussir l&#8217;inclusion et la scolarit\u00e9 de l&#8217;\u00e9l\u00e8ve au sein de l&#8217;\u00e9cole.<\/p>\n","protected":false},"featured_media":48923,"template":"","meta":[],"product_brand":[],"product_cat":[1087,1081,1074,1102,1111],"product_tag":[],"class_list":{"0":"post-48019","1":"product","2":"type-product","3":"status-publish","4":"has-post-thumbnail","6":"product_cat-asd","7":"product_cat-french","8":"product_cat-interactive","9":"product_cat-tools","10":"product_cat-training","12":"first","13":"instock","14":"shipping-taxable","15":"product-type-simple"},"jetpack_sharing_enabled":true,"_links":{"self":[{"href":"https:\/\/edyka.org\/en\/wp-json\/wp\/v2\/product\/48019","targetHints":{"allow":["GET"]}}],"collection":[{"href":"https:\/\/edyka.org\/en\/wp-json\/wp\/v2\/product"}],"about":[{"href":"https:\/\/edyka.org\/en\/wp-json\/wp\/v2\/types\/product"}],"wp:featuredmedia":[{"embeddable":true,"href":"https:\/\/edyka.org\/en\/wp-json\/wp\/v2\/media\/48923"}],"wp:attachment":[{"href":"https:\/\/edyka.org\/en\/wp-json\/wp\/v2\/media?parent=48019"}],"wp:term":[{"taxonomy":"product_brand","embeddable":true,"href":"https:\/\/edyka.org\/en\/wp-json\/wp\/v2\/product_brand?post=48019"},{"taxonomy":"product_cat","embeddable":true,"href":"https:\/\/edyka.org\/en\/wp-json\/wp\/v2\/product_cat?post=48019"},{"taxonomy":"product_tag","embeddable":true,"href":"https:\/\/edyka.org\/en\/wp-json\/wp\/v2\/product_tag?post=48019"}],"curies":[{"name":"wp","href":"https:\/\/api.w.org\/{rel}","templated":true}]}}