{"id":48018,"date":"2025-07-22T10:33:33","date_gmt":"2025-07-22T14:33:33","guid":{"rendered":"https:\/\/edyka.org\/produit\/le-pendu\/"},"modified":"2025-07-22T10:33:33","modified_gmt":"2025-07-22T14:33:33","slug":"le-pendu","status":"publish","type":"product","link":"https:\/\/edyka.org\/en\/produit\/le-pendu\/","title":{"rendered":"Le pendu"},"content":{"rendered":"<p><a href=\"https:\/\/apps.apple.com\/fr\/app\/le-pendu-devinez-les-mots\/id1375993101\" rel=\"nofollow\">https:\/\/apps.apple.com\/fr\/app\/le-pendu-devinez-les-mots\/id1375993101<\/a><\/p>\n","protected":false},"excerpt":{"rendered":"<p>Qui sera pendu ?Possible de jouer \u00e0 2 et de cr\u00e9er sa propre liste de mots: jouer avec les mots, et am\u00e9liorer son vocabulaire. <\/p>\n","protected":false},"featured_media":37654,"template":"","meta":[],"product_brand":[],"product_cat":[1081,1074,1097,1113],"product_tag":[],"class_list":{"0":"post-48018","1":"product","2":"type-product","3":"status-publish","4":"has-post-thumbnail","6":"product_cat-french","7":"product_cat-interactive","8":"product_cat-learning","9":"product_cat-youth","11":"first","12":"instock","13":"shipping-taxable","14":"product-type-simple"},"jetpack_sharing_enabled":true,"_links":{"self":[{"href":"https:\/\/edyka.org\/en\/wp-json\/wp\/v2\/product\/48018","targetHints":{"allow":["GET"]}}],"collection":[{"href":"https:\/\/edyka.org\/en\/wp-json\/wp\/v2\/product"}],"about":[{"href":"https:\/\/edyka.org\/en\/wp-json\/wp\/v2\/types\/product"}],"wp:featuredmedia":[{"embeddable":true,"href":"https:\/\/edyka.org\/en\/wp-json\/wp\/v2\/media\/37654"}],"wp:attachment":[{"href":"https:\/\/edyka.org\/en\/wp-json\/wp\/v2\/media?parent=48018"}],"wp:term":[{"taxonomy":"product_brand","embeddable":true,"href":"https:\/\/edyka.org\/en\/wp-json\/wp\/v2\/product_brand?post=48018"},{"taxonomy":"product_cat","embeddable":true,"href":"https:\/\/edyka.org\/en\/wp-json\/wp\/v2\/product_cat?post=48018"},{"taxonomy":"product_tag","embeddable":true,"href":"https:\/\/edyka.org\/en\/wp-json\/wp\/v2\/product_tag?post=48018"}],"curies":[{"name":"wp","href":"https:\/\/api.w.org\/{rel}","templated":true}]}}