{"id":48016,"date":"2025-07-22T10:33:34","date_gmt":"2025-07-22T14:33:34","guid":{"rendered":"https:\/\/edyka.org\/produit\/babelio-bibliotheque-sonore-pour-dys\/"},"modified":"2026-04-11T17:15:01","modified_gmt":"2026-04-11T21:15:01","slug":"babelio-bibliotheque-sonore-pour-dys","status":"publish","type":"product","link":"https:\/\/edyka.org\/en\/produit\/babelio-bibliotheque-sonore-pour-dys\/","title":{"rendered":"Babelio &#8211; Biblioth\u00e8que sonore pour Dys"},"content":{"rendered":"<p><a href=\"https:\/\/www.babelio.com\/liste\/9261\/Lecture-pour-dyslexiques\" rel=\"nofollow\">https:\/\/www.babelio.com\/liste\/9261\/Lecture-pour-dyslexiques<\/a><\/p>\n","protected":false},"excerpt":{"rendered":"<p>La plateforme litt\u00e9raire Babelio propose une biblioth\u00e8que sonore d\u00e9di\u00e9e aux dyslexiques. Les Livre audio sont enregistr\u00e9s en respectant une typographie adapt\u00e9e et sont accompagn\u00e9s d&#8217;un guide de lecture pour faciliter la compr\u00e9hension.<\/p>\n","protected":false},"featured_media":48901,"template":"","meta":[],"product_brand":[],"product_cat":[1115,1081,1097,1077],"product_tag":[],"class_list":{"0":"post-48016","1":"product","2":"type-product","3":"status-publish","4":"has-post-thumbnail","6":"product_cat-educational","7":"product_cat-french","8":"product_cat-learning","9":"product_cat-text","11":"first","12":"instock","13":"shipping-taxable","14":"product-type-simple"},"jetpack_sharing_enabled":true,"_links":{"self":[{"href":"https:\/\/edyka.org\/en\/wp-json\/wp\/v2\/product\/48016","targetHints":{"allow":["GET"]}}],"collection":[{"href":"https:\/\/edyka.org\/en\/wp-json\/wp\/v2\/product"}],"about":[{"href":"https:\/\/edyka.org\/en\/wp-json\/wp\/v2\/types\/product"}],"wp:featuredmedia":[{"embeddable":true,"href":"https:\/\/edyka.org\/en\/wp-json\/wp\/v2\/media\/48901"}],"wp:attachment":[{"href":"https:\/\/edyka.org\/en\/wp-json\/wp\/v2\/media?parent=48016"}],"wp:term":[{"taxonomy":"product_brand","embeddable":true,"href":"https:\/\/edyka.org\/en\/wp-json\/wp\/v2\/product_brand?post=48016"},{"taxonomy":"product_cat","embeddable":true,"href":"https:\/\/edyka.org\/en\/wp-json\/wp\/v2\/product_cat?post=48016"},{"taxonomy":"product_tag","embeddable":true,"href":"https:\/\/edyka.org\/en\/wp-json\/wp\/v2\/product_tag?post=48016"}],"curies":[{"name":"wp","href":"https:\/\/api.w.org\/{rel}","templated":true}]}}