{"id":48011,"date":"2025-07-22T10:33:36","date_gmt":"2025-07-22T14:33:36","guid":{"rendered":"https:\/\/edyka.org\/produit\/educatout-2\/"},"modified":"2025-07-22T10:33:36","modified_gmt":"2025-07-22T14:33:36","slug":"educatout-2","status":"publish","type":"product","link":"https:\/\/edyka.org\/en\/produit\/educatout-2\/","title":{"rendered":"Educatout"},"content":{"rendered":"<p><a href=\"https:\/\/www.educatout.com\/enfants-besoins-particuliers\/lexique&#8211;references-et-problematiques\/apprendre-a-s-organiser.htm\" rel=\"nofollow\">https:\/\/www.educatout.com\/enfants-besoins-particuliers\/lexique&#8211;references-et-problematiques\/apprendre-a-s-organiser.htm<\/a><\/p>\n","protected":false},"excerpt":{"rendered":"<p>Activit\u00e9s et jeux \u00e9ducatifs avec fiches imprimables, formations et ressources pour \u00e9ducateurs et parents<\/p>\n","protected":false},"featured_media":37676,"template":"","meta":[],"product_brand":[],"product_cat":[1115,1081,1074,1109,1114],"product_tag":[1120],"class_list":{"0":"post-48011","1":"product","2":"type-product","3":"status-publish","4":"has-post-thumbnail","6":"product_cat-educational","7":"product_cat-french","8":"product_cat-interactive","9":"product_cat-organization-en","10":"product_cat-practical","11":"product_tag-teachers","13":"first","14":"instock","15":"shipping-taxable","16":"product-type-simple"},"jetpack_sharing_enabled":true,"_links":{"self":[{"href":"https:\/\/edyka.org\/en\/wp-json\/wp\/v2\/product\/48011","targetHints":{"allow":["GET"]}}],"collection":[{"href":"https:\/\/edyka.org\/en\/wp-json\/wp\/v2\/product"}],"about":[{"href":"https:\/\/edyka.org\/en\/wp-json\/wp\/v2\/types\/product"}],"wp:featuredmedia":[{"embeddable":true,"href":"https:\/\/edyka.org\/en\/wp-json\/wp\/v2\/media\/37676"}],"wp:attachment":[{"href":"https:\/\/edyka.org\/en\/wp-json\/wp\/v2\/media?parent=48011"}],"wp:term":[{"taxonomy":"product_brand","embeddable":true,"href":"https:\/\/edyka.org\/en\/wp-json\/wp\/v2\/product_brand?post=48011"},{"taxonomy":"product_cat","embeddable":true,"href":"https:\/\/edyka.org\/en\/wp-json\/wp\/v2\/product_cat?post=48011"},{"taxonomy":"product_tag","embeddable":true,"href":"https:\/\/edyka.org\/en\/wp-json\/wp\/v2\/product_tag?post=48011"}],"curies":[{"name":"wp","href":"https:\/\/api.w.org\/{rel}","templated":true}]}}