{"id":48009,"date":"2025-07-22T10:33:36","date_gmt":"2025-07-22T14:33:36","guid":{"rendered":"https:\/\/edyka.org\/produit\/la-mallette-des-arts\/"},"modified":"2025-07-22T10:33:36","modified_gmt":"2025-07-22T14:33:36","slug":"la-mallette-des-arts","status":"publish","type":"product","link":"https:\/\/edyka.org\/en\/produit\/la-mallette-des-arts\/","title":{"rendered":"La mallette des arts"},"content":{"rendered":"<p><a href=\"https:\/\/www.sassijunior.fr\/puzzle\/4939-la-mallette-de-l-art-leonard-de-vinci-la-joconde.html\" rel=\"nofollow\">https:\/\/www.sassijunior.fr\/puzzle\/4939-la-mallette-de-l-art-leonard-de-vinci-la-joconde.html<\/a><\/p>\n","protected":false},"excerpt":{"rendered":"<p>Ce livre de 32 pages d\u00e9crit la vie et les oeuvres de L\u00e9onard de Vinci, un des plus grands g\u00e9nies de la Renaissance italienne. Dans la malette, on trouvera un puzzle du tableau le plus c\u00e9l\u00e8bre au monde, La Joconde.<\/p>\n","protected":false},"featured_media":37660,"template":"","meta":[],"product_brand":[],"product_cat":[1101,1081,1083,1076,1114,1113],"product_tag":[],"class_list":{"0":"post-48009","1":"product","2":"type-product","3":"status-publish","4":"has-post-thumbnail","6":"product_cat-enrichment","7":"product_cat-french","8":"product_cat-giftedness","9":"product_cat-physical","10":"product_cat-practical","11":"product_cat-youth","13":"first","14":"instock","15":"shipping-taxable","16":"product-type-simple"},"jetpack_sharing_enabled":true,"_links":{"self":[{"href":"https:\/\/edyka.org\/en\/wp-json\/wp\/v2\/product\/48009","targetHints":{"allow":["GET"]}}],"collection":[{"href":"https:\/\/edyka.org\/en\/wp-json\/wp\/v2\/product"}],"about":[{"href":"https:\/\/edyka.org\/en\/wp-json\/wp\/v2\/types\/product"}],"wp:featuredmedia":[{"embeddable":true,"href":"https:\/\/edyka.org\/en\/wp-json\/wp\/v2\/media\/37660"}],"wp:attachment":[{"href":"https:\/\/edyka.org\/en\/wp-json\/wp\/v2\/media?parent=48009"}],"wp:term":[{"taxonomy":"product_brand","embeddable":true,"href":"https:\/\/edyka.org\/en\/wp-json\/wp\/v2\/product_brand?post=48009"},{"taxonomy":"product_cat","embeddable":true,"href":"https:\/\/edyka.org\/en\/wp-json\/wp\/v2\/product_cat?post=48009"},{"taxonomy":"product_tag","embeddable":true,"href":"https:\/\/edyka.org\/en\/wp-json\/wp\/v2\/product_tag?post=48009"}],"curies":[{"name":"wp","href":"https:\/\/api.w.org\/{rel}","templated":true}]}}