{"id":48008,"date":"2025-07-22T10:33:37","date_gmt":"2025-07-22T14:33:37","guid":{"rendered":"https:\/\/edyka.org\/produit\/jumbo-grip-de-faber-castell\/"},"modified":"2025-07-22T10:33:37","modified_gmt":"2025-07-22T14:33:37","slug":"jumbo-grip-de-faber-castell","status":"publish","type":"product","link":"https:\/\/edyka.org\/en\/produit\/jumbo-grip-de-faber-castell\/","title":{"rendered":"Jumbo Grip de Faber-Castell"},"content":{"rendered":"<p><a href=\"https:\/\/www.faber-castell.ca\/fr-CA\/vibrant-grip-colour-pencils\" rel=\"nofollow\">https:\/\/www.faber-castell.ca\/fr-CA\/vibrant-grip-colour-pencils<\/a><\/p>\n","protected":false},"excerpt":{"rendered":"<p>Ces crayons \u00e9paissis de la marque Faber-Castell sont sp\u00e9cialement con\u00e7us pour faciliter la pr\u00e9hension des enfants. Ils ont un diam\u00e8tre plus large que les crayons traditionnels, ce qui les rend plus faciles \u00e0 tenir et \u00e0 contr\u00f4ler.\u00a0<\/p>\n","protected":false},"featured_media":37662,"template":"","meta":[],"product_brand":[],"product_cat":[1100,1080,1081,1076,1114],"product_tag":[],"class_list":{"0":"post-48008","1":"product","2":"type-product","3":"status-publish","4":"has-post-thumbnail","6":"product_cat-motor-coordination","7":"product_cat-english","8":"product_cat-french","9":"product_cat-physical","10":"product_cat-practical","12":"first","13":"instock","14":"shipping-taxable","15":"product-type-simple"},"jetpack_sharing_enabled":true,"_links":{"self":[{"href":"https:\/\/edyka.org\/en\/wp-json\/wp\/v2\/product\/48008","targetHints":{"allow":["GET"]}}],"collection":[{"href":"https:\/\/edyka.org\/en\/wp-json\/wp\/v2\/product"}],"about":[{"href":"https:\/\/edyka.org\/en\/wp-json\/wp\/v2\/types\/product"}],"version-history":[{"count":0,"href":"https:\/\/edyka.org\/en\/wp-json\/wp\/v2\/product\/48008\/revisions"}],"wp:featuredmedia":[{"embeddable":true,"href":"https:\/\/edyka.org\/en\/wp-json\/wp\/v2\/media\/37662"}],"wp:attachment":[{"href":"https:\/\/edyka.org\/en\/wp-json\/wp\/v2\/media?parent=48008"}],"wp:term":[{"taxonomy":"product_brand","embeddable":true,"href":"https:\/\/edyka.org\/en\/wp-json\/wp\/v2\/product_brand?post=48008"},{"taxonomy":"product_cat","embeddable":true,"href":"https:\/\/edyka.org\/en\/wp-json\/wp\/v2\/product_cat?post=48008"},{"taxonomy":"product_tag","embeddable":true,"href":"https:\/\/edyka.org\/en\/wp-json\/wp\/v2\/product_tag?post=48008"}],"curies":[{"name":"wp","href":"https:\/\/api.w.org\/{rel}","templated":true}]}}