{"id":48006,"date":"2025-07-22T10:33:37","date_gmt":"2025-07-22T14:33:37","guid":{"rendered":"https:\/\/edyka.org\/produit\/porte-mine-scribolino\/"},"modified":"2025-07-22T10:33:37","modified_gmt":"2025-07-22T14:33:37","slug":"porte-mine-scribolino","status":"publish","type":"product","link":"https:\/\/edyka.org\/en\/produit\/porte-mine-scribolino\/","title":{"rendered":"Porte-mine Scribolino"},"content":{"rendered":"<p><a href=\"https:\/\/www.faber-castell.ca\/fr-CA\/produits\/scribolino\" rel=\"nofollow\">https:\/\/www.faber-castell.ca\/fr-CA\/produits\/scribolino<\/a><\/p>\n","protected":false},"excerpt":{"rendered":"<p>Ces porte-mines \u00e9paissis sont id\u00e9aux pour les enfants ayant des difficult\u00e9s de coordination. Ils offrent une meilleure prise en main gr\u00e2ce \u00e0 leur diam\u00e8tre plus large et permettent un trac\u00e9 plus pr\u00e9cis<\/p>\n","protected":false},"featured_media":37662,"template":"","meta":[],"product_brand":[],"product_cat":[1080,1081,1100,1076,1114],"product_tag":[],"class_list":{"0":"post-48006","1":"product","2":"type-product","3":"status-publish","4":"has-post-thumbnail","6":"product_cat-english","7":"product_cat-french","8":"product_cat-motor-coordination","9":"product_cat-physical","10":"product_cat-practical","12":"first","13":"instock","14":"shipping-taxable","15":"product-type-simple"},"jetpack_sharing_enabled":true,"_links":{"self":[{"href":"https:\/\/edyka.org\/en\/wp-json\/wp\/v2\/product\/48006","targetHints":{"allow":["GET"]}}],"collection":[{"href":"https:\/\/edyka.org\/en\/wp-json\/wp\/v2\/product"}],"about":[{"href":"https:\/\/edyka.org\/en\/wp-json\/wp\/v2\/types\/product"}],"wp:featuredmedia":[{"embeddable":true,"href":"https:\/\/edyka.org\/en\/wp-json\/wp\/v2\/media\/37662"}],"wp:attachment":[{"href":"https:\/\/edyka.org\/en\/wp-json\/wp\/v2\/media?parent=48006"}],"wp:term":[{"taxonomy":"product_brand","embeddable":true,"href":"https:\/\/edyka.org\/en\/wp-json\/wp\/v2\/product_brand?post=48006"},{"taxonomy":"product_cat","embeddable":true,"href":"https:\/\/edyka.org\/en\/wp-json\/wp\/v2\/product_cat?post=48006"},{"taxonomy":"product_tag","embeddable":true,"href":"https:\/\/edyka.org\/en\/wp-json\/wp\/v2\/product_tag?post=48006"}],"curies":[{"name":"wp","href":"https:\/\/api.w.org\/{rel}","templated":true}]}}