{"id":47999,"date":"2025-07-22T10:33:53","date_gmt":"2025-07-22T14:33:53","guid":{"rendered":"https:\/\/edyka.org\/produit\/miri-colman-blog-de-livre-anglais\/"},"modified":"2025-07-22T10:33:53","modified_gmt":"2025-07-22T14:33:53","slug":"miri-colman-blog-de-livre-anglais","status":"publish","type":"product","link":"https:\/\/edyka.org\/en\/produit\/miri-colman-blog-de-livre-anglais\/","title":{"rendered":"Miri Colman : blog de Livre anglais"},"content":{"rendered":"<p><a href=\"https:\/\/www.websiteplanet.com\/fr\/blog\/livres-anglais-gratuits-pour-debutants-a-imprimer\/\" rel=\"nofollow\">https:\/\/www.websiteplanet.com\/fr\/blog\/livres-anglais-gratuits-pour-debutants-a-imprimer\/<\/a><\/p>\n","protected":false},"excerpt":{"rendered":"<p>Vous trouverez des Livre imprimables soigneusement s\u00e9lectionn\u00e9s pour les enfants et adultes de langue maternelle fran\u00e7aise et qui souhaitent apprendre l\u2019anglais. Ces Livre peuvent \u00eatre imprim\u00e9s gratuitement !<\/p>\n","protected":false},"featured_media":19292,"template":"","meta":[],"product_brand":[],"product_cat":[1080,1097,1077,1113],"product_tag":[1121],"class_list":{"0":"post-47999","1":"product","2":"type-product","3":"status-publish","4":"has-post-thumbnail","6":"product_cat-english","7":"product_cat-learning","8":"product_cat-text","9":"product_cat-youth","10":"product_tag-new","12":"first","13":"instock","14":"shipping-taxable","15":"product-type-simple"},"jetpack_sharing_enabled":true,"_links":{"self":[{"href":"https:\/\/edyka.org\/en\/wp-json\/wp\/v2\/product\/47999","targetHints":{"allow":["GET"]}}],"collection":[{"href":"https:\/\/edyka.org\/en\/wp-json\/wp\/v2\/product"}],"about":[{"href":"https:\/\/edyka.org\/en\/wp-json\/wp\/v2\/types\/product"}],"wp:featuredmedia":[{"embeddable":true,"href":"https:\/\/edyka.org\/en\/wp-json\/wp\/v2\/media\/19292"}],"wp:attachment":[{"href":"https:\/\/edyka.org\/en\/wp-json\/wp\/v2\/media?parent=47999"}],"wp:term":[{"taxonomy":"product_brand","embeddable":true,"href":"https:\/\/edyka.org\/en\/wp-json\/wp\/v2\/product_brand?post=47999"},{"taxonomy":"product_cat","embeddable":true,"href":"https:\/\/edyka.org\/en\/wp-json\/wp\/v2\/product_cat?post=47999"},{"taxonomy":"product_tag","embeddable":true,"href":"https:\/\/edyka.org\/en\/wp-json\/wp\/v2\/product_tag?post=47999"}],"curies":[{"name":"wp","href":"https:\/\/api.w.org\/{rel}","templated":true}]}}