{"id":47996,"date":"2025-07-22T10:33:58","date_gmt":"2025-07-22T14:33:58","guid":{"rendered":"https:\/\/edyka.org\/produit\/adobe-spark-video\/"},"modified":"2025-07-22T10:33:58","modified_gmt":"2025-07-22T14:33:58","slug":"adobe-spark-video","status":"publish","type":"product","link":"https:\/\/edyka.org\/en\/produit\/adobe-spark-video\/","title":{"rendered":"Adobe Spark Vid\u00e9o"},"content":{"rendered":"<p><a href=\"https:\/\/apps.apple.com\/fr\/app\/adobe-spark-video\/id852555131\" rel=\"nofollow\">https:\/\/apps.apple.com\/fr\/app\/adobe-spark-video\/id852555131<\/a><\/p>\n","protected":false},"excerpt":{"rendered":"<p>Permet de faire des pr\u00e9sentations sous forme de vid\u00e9o. Expression orale et \u00e9criture Application de cr\u00e9ation<\/p>\n","protected":false},"featured_media":36980,"template":"","meta":[],"product_brand":[],"product_cat":[1081,1074,1114,1102],"product_tag":[1120],"class_list":{"0":"post-47996","1":"product","2":"type-product","3":"status-publish","4":"has-post-thumbnail","6":"product_cat-french","7":"product_cat-interactive","8":"product_cat-practical","9":"product_cat-tools","10":"product_tag-teachers","12":"first","13":"instock","14":"shipping-taxable","15":"product-type-simple"},"jetpack_sharing_enabled":true,"_links":{"self":[{"href":"https:\/\/edyka.org\/en\/wp-json\/wp\/v2\/product\/47996","targetHints":{"allow":["GET"]}}],"collection":[{"href":"https:\/\/edyka.org\/en\/wp-json\/wp\/v2\/product"}],"about":[{"href":"https:\/\/edyka.org\/en\/wp-json\/wp\/v2\/types\/product"}],"wp:featuredmedia":[{"embeddable":true,"href":"https:\/\/edyka.org\/en\/wp-json\/wp\/v2\/media\/36980"}],"wp:attachment":[{"href":"https:\/\/edyka.org\/en\/wp-json\/wp\/v2\/media?parent=47996"}],"wp:term":[{"taxonomy":"product_brand","embeddable":true,"href":"https:\/\/edyka.org\/en\/wp-json\/wp\/v2\/product_brand?post=47996"},{"taxonomy":"product_cat","embeddable":true,"href":"https:\/\/edyka.org\/en\/wp-json\/wp\/v2\/product_cat?post=47996"},{"taxonomy":"product_tag","embeddable":true,"href":"https:\/\/edyka.org\/en\/wp-json\/wp\/v2\/product_tag?post=47996"}],"curies":[{"name":"wp","href":"https:\/\/api.w.org\/{rel}","templated":true}]}}