{"id":47995,"date":"2025-07-22T10:33:58","date_gmt":"2025-07-22T14:33:58","guid":{"rendered":"https:\/\/edyka.org\/produit\/communoutils\/"},"modified":"2025-07-22T10:33:58","modified_gmt":"2025-07-22T14:33:58","slug":"communoutils","status":"publish","type":"product","link":"https:\/\/edyka.org\/en\/produit\/communoutils\/","title":{"rendered":"Communoutils"},"content":{"rendered":"<blockquote class=\"wp-embedded-content\" data-secret=\"DEISEu32Q5\"><p><a href=\"https:\/\/communoutils.com\/\" rel=\"nofollow noopener\" target=\"_blank\">Accueil<\/a><\/p><\/blockquote>\n<p><iframe loading=\"lazy\" class=\"wp-embedded-content\" sandbox=\"allow-scripts\" security=\"restricted\" style=\"position: absolute; visibility: hidden;\" title=\"\u00ab\u00a0Accueil\u00a0\u00bb &#8212; Communoutils\" src=\"https:\/\/communoutils.com\/embed\/#?secret=Cfe2Gixhcu#?secret=DEISEu32Q5\" data-secret=\"DEISEu32Q5\" width=\"600\" height=\"338\" frameborder=\"0\" marginwidth=\"0\" marginheight=\"0\" scrolling=\"no\"><\/iframe><\/p>\n","protected":false},"excerpt":{"rendered":"<p>L&#8217;association soutient les personnes atteintes de troubles d&#8217;apprentissage et de leur famille en leur offrant des outils et des ressources pour les aider \u00e0 surmonter les obstacles li\u00e9s \u00e0 ces troubles. Elle vise \u00e9galement \u00e0 sensibiliser la soci\u00e9t\u00e9 aux troubles d&#8217;apprentissage et \u00e0 promouvoir l&#8217;inclusion des personnes concern\u00e9es dans tous les domaines de la vie. Les activit\u00e9s de l&#8217;association incluent des ateliers de formation, des conf\u00e9rences, des groupes de soutien et des programmes de mentorat pour les personnes atteintes de troubles d&#8217;apprentissage.<\/p>\n","protected":false},"featured_media":37654,"template":"","meta":[],"product_brand":[],"product_cat":[1081,1074,1097,1114,1096],"product_tag":[1119,1120],"class_list":{"0":"post-47995","1":"product","2":"type-product","3":"status-publish","4":"has-post-thumbnail","6":"product_cat-french","7":"product_cat-interactive","8":"product_cat-learning","9":"product_cat-practical","10":"product_cat-sensory-disorders","11":"product_tag-editors-pick","12":"product_tag-teachers","14":"first","15":"instock","16":"shipping-taxable","17":"product-type-simple"},"jetpack_sharing_enabled":true,"_links":{"self":[{"href":"https:\/\/edyka.org\/en\/wp-json\/wp\/v2\/product\/47995","targetHints":{"allow":["GET"]}}],"collection":[{"href":"https:\/\/edyka.org\/en\/wp-json\/wp\/v2\/product"}],"about":[{"href":"https:\/\/edyka.org\/en\/wp-json\/wp\/v2\/types\/product"}],"wp:featuredmedia":[{"embeddable":true,"href":"https:\/\/edyka.org\/en\/wp-json\/wp\/v2\/media\/37654"}],"wp:attachment":[{"href":"https:\/\/edyka.org\/en\/wp-json\/wp\/v2\/media?parent=47995"}],"wp:term":[{"taxonomy":"product_brand","embeddable":true,"href":"https:\/\/edyka.org\/en\/wp-json\/wp\/v2\/product_brand?post=47995"},{"taxonomy":"product_cat","embeddable":true,"href":"https:\/\/edyka.org\/en\/wp-json\/wp\/v2\/product_cat?post=47995"},{"taxonomy":"product_tag","embeddable":true,"href":"https:\/\/edyka.org\/en\/wp-json\/wp\/v2\/product_tag?post=47995"}],"curies":[{"name":"wp","href":"https:\/\/api.w.org\/{rel}","templated":true}]}}