{"id":47990,"date":"2025-07-22T10:34:05","date_gmt":"2025-07-22T14:34:05","guid":{"rendered":"https:\/\/edyka.org\/produit\/abc-the-association-for-bright-children-of-ontario\/"},"modified":"2026-04-11T21:06:41","modified_gmt":"2026-04-12T01:06:41","slug":"abc-the-association-for-bright-children-of-ontario","status":"publish","type":"product","link":"https:\/\/edyka.org\/en\/produit\/abc-the-association-for-bright-children-of-ontario\/","title":{"rendered":"ABC &#8211; The association for bright Children of Ontario"},"content":{"rendered":"<p><a href=\"https:\/\/www.abcontario.ca\" rel=\"nofollow\">https:\/\/www.abcontario.ca<\/a><\/p>\n","protected":false},"excerpt":{"rendered":"<p>The Association for Bright Children of Ontario \/ Soci\u00e9t\u00e9 pour enfants dou\u00e9s et surdou\u00e9s de l&#8217;Ontario is an all-volunteer, provincially incorporated registered charity, with many chapters across Ontario. It is dedicated to providing information, advocacy and support to parents of bright and gifted children and adolescents through networking, an annual conference and local workshops. It offers the parents&#8217; voice to local school boards, educators, professional groups and the Ontario Ministry of Education.<\/p>\n","protected":false},"featured_media":48893,"template":"","meta":[],"product_brand":[],"product_cat":[1080,1083,1112,1075],"product_tag":[],"class_list":{"0":"post-47990","1":"product","2":"type-product","3":"status-publish","4":"has-post-thumbnail","6":"product_cat-english","7":"product_cat-giftedness","8":"product_cat-institutional","9":"product_cat-organization","11":"first","12":"instock","13":"shipping-taxable","14":"product-type-simple"},"jetpack_sharing_enabled":true,"_links":{"self":[{"href":"https:\/\/edyka.org\/en\/wp-json\/wp\/v2\/product\/47990","targetHints":{"allow":["GET"]}}],"collection":[{"href":"https:\/\/edyka.org\/en\/wp-json\/wp\/v2\/product"}],"about":[{"href":"https:\/\/edyka.org\/en\/wp-json\/wp\/v2\/types\/product"}],"wp:featuredmedia":[{"embeddable":true,"href":"https:\/\/edyka.org\/en\/wp-json\/wp\/v2\/media\/48893"}],"wp:attachment":[{"href":"https:\/\/edyka.org\/en\/wp-json\/wp\/v2\/media?parent=47990"}],"wp:term":[{"taxonomy":"product_brand","embeddable":true,"href":"https:\/\/edyka.org\/en\/wp-json\/wp\/v2\/product_brand?post=47990"},{"taxonomy":"product_cat","embeddable":true,"href":"https:\/\/edyka.org\/en\/wp-json\/wp\/v2\/product_cat?post=47990"},{"taxonomy":"product_tag","embeddable":true,"href":"https:\/\/edyka.org\/en\/wp-json\/wp\/v2\/product_tag?post=47990"}],"curies":[{"name":"wp","href":"https:\/\/api.w.org\/{rel}","templated":true}]}}