{"id":47985,"date":"2025-07-22T10:34:07","date_gmt":"2025-07-22T14:34:07","guid":{"rendered":"https:\/\/edyka.org\/produit\/miser-sur-les-autistes-pour-performer\/"},"modified":"2026-04-06T18:04:41","modified_gmt":"2026-04-06T22:04:41","slug":"miser-sur-les-autistes-pour-performer","status":"publish","type":"product","link":"https:\/\/edyka.org\/en\/produit\/miser-sur-les-autistes-pour-performer\/","title":{"rendered":"Miser sur les autistes pour performer"},"content":{"rendered":"<p><a href=\"https:\/\/www.journaldemontreal.com\/2017\/04\/15\/miser-sur-les-autistes-pour-performer\" rel=\"nofollow\">https:\/\/www.journaldemontreal.com\/2017\/04\/15\/miser-sur-les-autistes-pour-performer<\/a><\/p>\n","protected":false},"excerpt":{"rendered":"<p>L&#8217;article met en avant les avantages de recruter des personnes autistes dans les entreprises. Les auteurs affirment que ces personnes ont des comp\u00e9tences uniques, comme une grande attention aux d\u00e9tails et une capacit\u00e9 \u00e0 se concentrer sur des t\u00e2ches r\u00e9p\u00e9titives pendant de longues p\u00e9riodes. Ils ont \u00e9galement tendance \u00e0 \u00eatre loyaux et fiables. Les entreprises qui embauchent des personnes autistes peuvent b\u00e9n\u00e9ficier de gains de productivit\u00e9 et d&#8217;une r\u00e9duction des co\u00fbts li\u00e9s aux erreurs. Il est donc important de briser les st\u00e9r\u00e9otypes et de cr\u00e9er des environnements de travail inclusifs pour les personnes autistes.<\/p>\n","protected":false},"featured_media":48923,"template":"","meta":[],"product_brand":[],"product_cat":[1087,1081,1118,1077],"product_tag":[],"class_list":{"0":"post-47985","1":"product","2":"type-product","3":"status-publish","4":"has-post-thumbnail","6":"product_cat-asd","7":"product_cat-french","8":"product_cat-popularization","9":"product_cat-text","11":"first","12":"instock","13":"shipping-taxable","14":"product-type-simple"},"jetpack_sharing_enabled":true,"_links":{"self":[{"href":"https:\/\/edyka.org\/en\/wp-json\/wp\/v2\/product\/47985","targetHints":{"allow":["GET"]}}],"collection":[{"href":"https:\/\/edyka.org\/en\/wp-json\/wp\/v2\/product"}],"about":[{"href":"https:\/\/edyka.org\/en\/wp-json\/wp\/v2\/types\/product"}],"wp:featuredmedia":[{"embeddable":true,"href":"https:\/\/edyka.org\/en\/wp-json\/wp\/v2\/media\/48923"}],"wp:attachment":[{"href":"https:\/\/edyka.org\/en\/wp-json\/wp\/v2\/media?parent=47985"}],"wp:term":[{"taxonomy":"product_brand","embeddable":true,"href":"https:\/\/edyka.org\/en\/wp-json\/wp\/v2\/product_brand?post=47985"},{"taxonomy":"product_cat","embeddable":true,"href":"https:\/\/edyka.org\/en\/wp-json\/wp\/v2\/product_cat?post=47985"},{"taxonomy":"product_tag","embeddable":true,"href":"https:\/\/edyka.org\/en\/wp-json\/wp\/v2\/product_tag?post=47985"}],"curies":[{"name":"wp","href":"https:\/\/api.w.org\/{rel}","templated":true}]}}