{"id":47984,"date":"2025-07-22T10:34:07","date_gmt":"2025-07-22T14:34:07","guid":{"rendered":"https:\/\/edyka.org\/produit\/guide-pratique-de-lenfant-surdoue\/"},"modified":"2026-04-11T21:06:33","modified_gmt":"2026-04-12T01:06:33","slug":"guide-pratique-de-lenfant-surdoue","status":"publish","type":"product","link":"https:\/\/edyka.org\/en\/produit\/guide-pratique-de-lenfant-surdoue\/","title":{"rendered":"Guide pratique de l&#8217;enfant surdou\u00e9"},"content":{"rendered":"<p><a href=\"https:\/\/www.esf-scienceshumaines.fr\/tous-les-Livre\/12-guide-pratique-enfant-surdoue.html\" rel=\"nofollow\">https:\/\/www.esf-scienceshumaines.fr\/tous-les-Livre\/12-guide-pratique-enfant-surdoue.html<\/a><\/p>\n","protected":false},"excerpt":{"rendered":"<p>Parce qu&#8217;ils n&#8217;auront pas \u00e9t\u00e9 d\u00e9tect\u00e9s,parce qu&#8217;ils n&#8217;auront pas re\u00e7u une \u00e9ducation adapt\u00e9e, la moiti\u00e9 des enfants intellectuellement pr\u00e9coces, autrement dit les surdou\u00e9s, conna\u00eetront l&#8217;\u00e9chec scolaire.<\/p>\n","protected":false},"featured_media":27682,"template":"","meta":[],"product_brand":[],"product_cat":[1081,1083,1118,1077],"product_tag":[],"class_list":{"0":"post-47984","1":"product","2":"type-product","3":"status-publish","4":"has-post-thumbnail","6":"product_cat-french","7":"product_cat-giftedness","8":"product_cat-popularization","9":"product_cat-text","11":"first","12":"instock","13":"shipping-taxable","14":"product-type-simple"},"jetpack_sharing_enabled":true,"_links":{"self":[{"href":"https:\/\/edyka.org\/en\/wp-json\/wp\/v2\/product\/47984","targetHints":{"allow":["GET"]}}],"collection":[{"href":"https:\/\/edyka.org\/en\/wp-json\/wp\/v2\/product"}],"about":[{"href":"https:\/\/edyka.org\/en\/wp-json\/wp\/v2\/types\/product"}],"wp:featuredmedia":[{"embeddable":true,"href":"https:\/\/edyka.org\/en\/wp-json\/wp\/v2\/media\/27682"}],"wp:attachment":[{"href":"https:\/\/edyka.org\/en\/wp-json\/wp\/v2\/media?parent=47984"}],"wp:term":[{"taxonomy":"product_brand","embeddable":true,"href":"https:\/\/edyka.org\/en\/wp-json\/wp\/v2\/product_brand?post=47984"},{"taxonomy":"product_cat","embeddable":true,"href":"https:\/\/edyka.org\/en\/wp-json\/wp\/v2\/product_cat?post=47984"},{"taxonomy":"product_tag","embeddable":true,"href":"https:\/\/edyka.org\/en\/wp-json\/wp\/v2\/product_tag?post=47984"}],"curies":[{"name":"wp","href":"https:\/\/api.w.org\/{rel}","templated":true}]}}