{"id":47981,"date":"2025-07-22T10:34:08","date_gmt":"2025-07-22T14:34:08","guid":{"rendered":"https:\/\/edyka.org\/produit\/les-difficultes-de-zoe-une-histoire-sur-la-deficience-intellectuelle\/"},"modified":"2025-07-22T10:34:08","modified_gmt":"2025-07-22T14:34:08","slug":"les-difficultes-de-zoe-une-histoire-sur-la-deficience-intellectuelle","status":"publish","type":"product","link":"https:\/\/edyka.org\/en\/produit\/les-difficultes-de-zoe-une-histoire-sur-la-deficience-intellectuelle\/","title":{"rendered":"Les difficult\u00e9s de Zo\u00e9 \u2013 Une histoire sur la d\u00e9ficience intellectuelle"},"content":{"rendered":"<p><a href=\"https:\/\/www.dominiqueetcompagnie.com\/catalogue\/livre.asp?id_prd=1251#:~:text=Une%20histoire%20qui%20s&#8217;adresse,particuli%C3%A8rement%20fort%20pour%20leurs%20acquis\" rel=\"nofollow\">https:\/\/www.dominiqueetcompagnie.com\/catalogue\/livre.asp?id_prd=1251#:~:text=Une%20histoire%20qui%20s&#8217;adresse,particuli%C3%A8rement%20fort%20pour%20leurs%20acquis<\/a>.<\/p>\n","protected":false},"excerpt":{"rendered":"<p>Zo\u00e9 est une enfant joviale et \u00e9panouie, mais elle \u00e9prouve plusieurs difficult\u00e9s \u00e0 l\u2019\u00e9cole. La psychologue scolaire rencontre ses parents et leur explique que Zo\u00e9 pr\u00e9sente une d\u00e9ficience intellectuelle l\u00e9g\u00e8re<\/p>\n","protected":false},"featured_media":23639,"template":"","meta":[],"product_brand":[],"product_cat":[1081,1086,1077,1113],"product_tag":[1119],"class_list":{"0":"post-47981","1":"product","2":"type-product","3":"status-publish","4":"has-post-thumbnail","6":"product_cat-french","7":"product_cat-intellectual-disability","8":"product_cat-text","9":"product_cat-youth","10":"product_tag-editors-pick","12":"first","13":"instock","14":"shipping-taxable","15":"product-type-simple"},"jetpack_sharing_enabled":true,"_links":{"self":[{"href":"https:\/\/edyka.org\/en\/wp-json\/wp\/v2\/product\/47981","targetHints":{"allow":["GET"]}}],"collection":[{"href":"https:\/\/edyka.org\/en\/wp-json\/wp\/v2\/product"}],"about":[{"href":"https:\/\/edyka.org\/en\/wp-json\/wp\/v2\/types\/product"}],"wp:featuredmedia":[{"embeddable":true,"href":"https:\/\/edyka.org\/en\/wp-json\/wp\/v2\/media\/23639"}],"wp:attachment":[{"href":"https:\/\/edyka.org\/en\/wp-json\/wp\/v2\/media?parent=47981"}],"wp:term":[{"taxonomy":"product_brand","embeddable":true,"href":"https:\/\/edyka.org\/en\/wp-json\/wp\/v2\/product_brand?post=47981"},{"taxonomy":"product_cat","embeddable":true,"href":"https:\/\/edyka.org\/en\/wp-json\/wp\/v2\/product_cat?post=47981"},{"taxonomy":"product_tag","embeddable":true,"href":"https:\/\/edyka.org\/en\/wp-json\/wp\/v2\/product_tag?post=47981"}],"curies":[{"name":"wp","href":"https:\/\/api.w.org\/{rel}","templated":true}]}}