{"id":47977,"date":"2025-07-22T10:34:09","date_gmt":"2025-07-22T14:34:09","guid":{"rendered":"https:\/\/edyka.org\/produit\/lenfant-inefficient-intellectuel\/"},"modified":"2025-07-22T10:34:09","modified_gmt":"2025-07-22T14:34:09","slug":"lenfant-inefficient-intellectuel","status":"publish","type":"product","link":"https:\/\/edyka.org\/en\/produit\/lenfant-inefficient-intellectuel\/","title":{"rendered":"L\u2019Enfant inefficient intellectuel"},"content":{"rendered":"<p><a href=\"https:\/\/www.leslibraires.ca\/livres\/l-enfant-inefficient-intellectuel-1er-et-jean-lelievre-9782749504353.html?srsltid=AfmBOoqSB0tPoyuyQUy7PeGdwKS1PiMcM3DBzZXjLSx6Spejur37YwHC\" rel=\"nofollow\">https:\/\/www.leslibraires.ca\/livres\/l-enfant-inefficient-intellectuel-1er-et-jean-lelievre-9782749504353.html?srsltid=AfmBOoqSB0tPoyuyQUy7PeGdwKS1PiMcM3DBzZXjLSx6Spejur37YwHC<\/a><\/p>\n","protected":false},"excerpt":{"rendered":"<p>Cet ouvrage propose une vue d&#8217;ensemble des probl\u00e8mes pos\u00e9s aux chercheurs et aux cliniciens par l&#8217;arri\u00e9ration l\u00e9g\u00e8re-moyenne.<\/p>\n","protected":false},"featured_media":23619,"template":"","meta":[],"product_brand":[],"product_cat":[1081,1086,1116,1077],"product_tag":[],"class_list":{"0":"post-47977","1":"product","2":"type-product","3":"status-publish","4":"has-post-thumbnail","6":"product_cat-french","7":"product_cat-intellectual-disability","8":"product_cat-scientific","9":"product_cat-text","11":"first","12":"instock","13":"shipping-taxable","14":"product-type-simple"},"jetpack_sharing_enabled":true,"_links":{"self":[{"href":"https:\/\/edyka.org\/en\/wp-json\/wp\/v2\/product\/47977","targetHints":{"allow":["GET"]}}],"collection":[{"href":"https:\/\/edyka.org\/en\/wp-json\/wp\/v2\/product"}],"about":[{"href":"https:\/\/edyka.org\/en\/wp-json\/wp\/v2\/types\/product"}],"wp:featuredmedia":[{"embeddable":true,"href":"https:\/\/edyka.org\/en\/wp-json\/wp\/v2\/media\/23619"}],"wp:attachment":[{"href":"https:\/\/edyka.org\/en\/wp-json\/wp\/v2\/media?parent=47977"}],"wp:term":[{"taxonomy":"product_brand","embeddable":true,"href":"https:\/\/edyka.org\/en\/wp-json\/wp\/v2\/product_brand?post=47977"},{"taxonomy":"product_cat","embeddable":true,"href":"https:\/\/edyka.org\/en\/wp-json\/wp\/v2\/product_cat?post=47977"},{"taxonomy":"product_tag","embeddable":true,"href":"https:\/\/edyka.org\/en\/wp-json\/wp\/v2\/product_tag?post=47977"}],"curies":[{"name":"wp","href":"https:\/\/api.w.org\/{rel}","templated":true}]}}