{"id":47972,"date":"2025-07-22T10:34:25","date_gmt":"2025-07-22T14:34:25","guid":{"rendered":"https:\/\/edyka.org\/produit\/bibliotheque-numerique-tv5monde\/"},"modified":"2026-04-10T23:01:43","modified_gmt":"2026-04-11T03:01:43","slug":"bibliotheque-numerique-tv5monde","status":"publish","type":"product","link":"https:\/\/edyka.org\/en\/produit\/bibliotheque-numerique-tv5monde\/","title":{"rendered":"Biblioth\u00e8que Num\u00e9rique TV5MONDE"},"content":{"rendered":"<p><a href=\"https:\/\/bibliothequenumerique.tv5monde.com\/\" rel=\"nofollow\">https:\/\/bibliothequenumerique.tv5monde.com\/<\/a><\/p>\n","protected":false},"excerpt":{"rendered":"<p>Une biblioth\u00e8que en ligne avec des Livre, des vid\u00e9os et des exercices interactifs pour enrichir la lecture et la compr\u00e9hension orale en fran\u00e7ais.<\/p>\n","protected":false},"featured_media":37660,"template":"","meta":[],"product_brand":[],"product_cat":[1101,1081,1083,1074,1113],"product_tag":[],"class_list":{"0":"post-47972","1":"product","2":"type-product","3":"status-publish","4":"has-post-thumbnail","6":"product_cat-enrichment","7":"product_cat-french","8":"product_cat-giftedness","9":"product_cat-interactive","10":"product_cat-youth","12":"first","13":"instock","14":"shipping-taxable","15":"product-type-simple"},"jetpack_sharing_enabled":true,"_links":{"self":[{"href":"https:\/\/edyka.org\/en\/wp-json\/wp\/v2\/product\/47972","targetHints":{"allow":["GET"]}}],"collection":[{"href":"https:\/\/edyka.org\/en\/wp-json\/wp\/v2\/product"}],"about":[{"href":"https:\/\/edyka.org\/en\/wp-json\/wp\/v2\/types\/product"}],"wp:featuredmedia":[{"embeddable":true,"href":"https:\/\/edyka.org\/en\/wp-json\/wp\/v2\/media\/37660"}],"wp:attachment":[{"href":"https:\/\/edyka.org\/en\/wp-json\/wp\/v2\/media?parent=47972"}],"wp:term":[{"taxonomy":"product_brand","embeddable":true,"href":"https:\/\/edyka.org\/en\/wp-json\/wp\/v2\/product_brand?post=47972"},{"taxonomy":"product_cat","embeddable":true,"href":"https:\/\/edyka.org\/en\/wp-json\/wp\/v2\/product_cat?post=47972"},{"taxonomy":"product_tag","embeddable":true,"href":"https:\/\/edyka.org\/en\/wp-json\/wp\/v2\/product_tag?post=47972"}],"curies":[{"name":"wp","href":"https:\/\/api.w.org\/{rel}","templated":true}]}}