{"id":47970,"date":"2025-07-22T10:34:26","date_gmt":"2025-07-22T14:34:26","guid":{"rendered":"https:\/\/edyka.org\/produit\/video-explicative-de-la-dyspraxie\/"},"modified":"2025-07-22T10:34:26","modified_gmt":"2025-07-22T14:34:26","slug":"video-explicative-de-la-dyspraxie","status":"publish","type":"product","link":"https:\/\/edyka.org\/en\/produit\/video-explicative-de-la-dyspraxie\/","title":{"rendered":"Vid\u00e9o explicative de la dyspraxie"},"content":{"rendered":"<blockquote class=\"wp-embedded-content\" data-secret=\"VpikNNANZX\"><p><a href=\"https:\/\/blog.lexidys.com\/2020\/09\/23\/videos-pedagogiques-troubles-dys-adrien-honnons\/\" rel=\"nofollow noopener\" target=\"_blank\">Vid\u00e9os p\u00e9dagogiques sur les troubles DYS par Adrien HONNONS<\/a><\/p><\/blockquote>\n<p><iframe class=\"wp-embedded-content\" sandbox=\"allow-scripts\" security=\"restricted\" style=\"position: absolute; visibility: hidden;\" title=\"\u00ab\u00a0Vid\u00e9os p\u00e9dagogiques sur les troubles DYS par Adrien HONNONS\u00a0\u00bb &#8212; Lexidys\" src=\"https:\/\/blog.lexidys.com\/2020\/09\/23\/videos-pedagogiques-troubles-dys-adrien-honnons\/embed\/#?secret=YMeRiFOGMF#?secret=VpikNNANZX\" data-secret=\"VpikNNANZX\" width=\"600\" height=\"338\" frameborder=\"0\" marginwidth=\"0\" marginheight=\"0\" scrolling=\"no\"><\/iframe><\/p>\n","protected":false},"excerpt":{"rendered":"<p>Dyslexie, dyspraxie, dysphasie, hyperactivit\u00e9\u2026 : ces troubles de l\u2019apprentissage restent encore trop peu connus du grand public, des parents et des enseignants. R\u00e9sultat : les enfants qui vivent ces troubles doivent, en plus, affronter l\u2019incompr\u00e9hension voire les reproches du monde adulte. Vid\u00e9os p\u00e9dagogiques sur les troubles DYS par Adrien HONNONS.<\/p>\n","protected":false},"featured_media":16533,"template":"","meta":[],"product_brand":[],"product_cat":[1094,1081,1118,1078],"product_tag":[1119],"class_list":{"0":"post-47970","1":"product","2":"type-product","3":"status-publish","4":"has-post-thumbnail","6":"product_cat-dyspraxia","7":"product_cat-french","8":"product_cat-popularization","9":"product_cat-video-en","10":"product_tag-editors-pick","12":"first","13":"instock","14":"shipping-taxable","15":"product-type-simple"},"jetpack_sharing_enabled":true,"_links":{"self":[{"href":"https:\/\/edyka.org\/en\/wp-json\/wp\/v2\/product\/47970","targetHints":{"allow":["GET"]}}],"collection":[{"href":"https:\/\/edyka.org\/en\/wp-json\/wp\/v2\/product"}],"about":[{"href":"https:\/\/edyka.org\/en\/wp-json\/wp\/v2\/types\/product"}],"version-history":[{"count":0,"href":"https:\/\/edyka.org\/en\/wp-json\/wp\/v2\/product\/47970\/revisions"}],"wp:featuredmedia":[{"embeddable":true,"href":"https:\/\/edyka.org\/en\/wp-json\/wp\/v2\/media\/16533"}],"wp:attachment":[{"href":"https:\/\/edyka.org\/en\/wp-json\/wp\/v2\/media?parent=47970"}],"wp:term":[{"taxonomy":"product_brand","embeddable":true,"href":"https:\/\/edyka.org\/en\/wp-json\/wp\/v2\/product_brand?post=47970"},{"taxonomy":"product_cat","embeddable":true,"href":"https:\/\/edyka.org\/en\/wp-json\/wp\/v2\/product_cat?post=47970"},{"taxonomy":"product_tag","embeddable":true,"href":"https:\/\/edyka.org\/en\/wp-json\/wp\/v2\/product_tag?post=47970"}],"curies":[{"name":"wp","href":"https:\/\/api.w.org\/{rel}","templated":true}]}}