{"id":47966,"date":"2025-07-22T10:34:27","date_gmt":"2025-07-22T14:34:27","guid":{"rendered":"https:\/\/edyka.org\/produit\/dysorthographie\/"},"modified":"2025-07-22T10:34:27","modified_gmt":"2025-07-22T14:34:27","slug":"dysorthographie","status":"publish","type":"product","link":"https:\/\/edyka.org\/en\/produit\/dysorthographie\/","title":{"rendered":"Dysorthographie"},"content":{"rendered":"<p><a href=\"https:\/\/youtube.com\/watch?v=27lIGH0z2wo%3Frel%3D0\" rel=\"nofollow\">https:\/\/youtube.com\/watch?v=27lIGH0z2wo%3Frel%3D0<\/a><\/p>\n","protected":false},"excerpt":{"rendered":"<p>La vid\u00e9o explique la dysorthographie, un trouble sp\u00e9cifique de l\u2019apprentissage de l\u2019orthographe. Elle montre ses impacts en classe et propose des adaptations pour aider les \u00e9l\u00e8ves concern\u00e9s. L\u2019objectif est de valoriser leurs comp\u00e9tences sans les p\u00e9naliser pour leurs difficult\u00e9s d\u2019\u00e9criture.<\/p>\n","protected":false},"featured_media":37650,"template":"","meta":[],"product_brand":[],"product_cat":[1092,1081,1097,1118,1078],"product_tag":[],"class_list":{"0":"post-47966","1":"product","2":"type-product","3":"status-publish","4":"has-post-thumbnail","6":"product_cat-dysorthographia","7":"product_cat-french","8":"product_cat-learning","9":"product_cat-popularization","10":"product_cat-video-en","12":"first","13":"instock","14":"shipping-taxable","15":"product-type-simple"},"jetpack_sharing_enabled":true,"_links":{"self":[{"href":"https:\/\/edyka.org\/en\/wp-json\/wp\/v2\/product\/47966","targetHints":{"allow":["GET"]}}],"collection":[{"href":"https:\/\/edyka.org\/en\/wp-json\/wp\/v2\/product"}],"about":[{"href":"https:\/\/edyka.org\/en\/wp-json\/wp\/v2\/types\/product"}],"wp:featuredmedia":[{"embeddable":true,"href":"https:\/\/edyka.org\/en\/wp-json\/wp\/v2\/media\/37650"}],"wp:attachment":[{"href":"https:\/\/edyka.org\/en\/wp-json\/wp\/v2\/media?parent=47966"}],"wp:term":[{"taxonomy":"product_brand","embeddable":true,"href":"https:\/\/edyka.org\/en\/wp-json\/wp\/v2\/product_brand?post=47966"},{"taxonomy":"product_cat","embeddable":true,"href":"https:\/\/edyka.org\/en\/wp-json\/wp\/v2\/product_cat?post=47966"},{"taxonomy":"product_tag","embeddable":true,"href":"https:\/\/edyka.org\/en\/wp-json\/wp\/v2\/product_tag?post=47966"}],"curies":[{"name":"wp","href":"https:\/\/api.w.org\/{rel}","templated":true}]}}