{"id":47964,"date":"2025-07-22T10:34:28","date_gmt":"2025-07-22T14:34:28","guid":{"rendered":"https:\/\/edyka.org\/produit\/technique-d-impact\/"},"modified":"2025-07-22T10:34:28","modified_gmt":"2025-07-22T14:34:28","slug":"technique-d-impact","status":"publish","type":"product","link":"https:\/\/edyka.org\/en\/produit\/technique-d-impact\/","title":{"rendered":"Technique d impact"},"content":{"rendered":"<blockquote class=\"wp-embedded-content\" data-secret=\"Et6p1dWhg6\"><p><a href=\"https:\/\/www.academieimpact.com\/fr\/materiel-gratuit\/\" rel=\"nofollow noopener\" target=\"_blank\">Mat\u00e9riel gratuit<\/a><\/p><\/blockquote>\n<p><iframe loading=\"lazy\" class=\"wp-embedded-content\" sandbox=\"allow-scripts\" security=\"restricted\" style=\"position: absolute; visibility: hidden;\" title=\"\u00ab\u00a0Mat\u00e9riel gratuit\u00a0\u00bb &#8212; Acad\u00e9mie Impact\" src=\"https:\/\/www.academieimpact.com\/fr\/materiel-gratuit\/embed\/#?secret=g9dar6ZKax#?secret=Et6p1dWhg6\" data-secret=\"Et6p1dWhg6\" width=\"600\" height=\"338\" frameborder=\"0\" marginwidth=\"0\" marginheight=\"0\" scrolling=\"no\"><\/iframe><\/p>\n","protected":false},"excerpt":{"rendered":"<p>L\u2019Acad\u00e9mie Impact met \u00e0 disposition des illustrations, cartels interactifs (cartons d\u2019impact) et vid\u00e9os d\u2019exemples issus de formations de Danie\u202fBeaulieu, Ph.\u202fD., t\u00e9l\u00e9chargeables gratuitement pour guider des interventions en contexte \u00e9ducatif ou th\u00e9rapeutique. Ces outils visuels cibl\u00e9s permettent d\u2019ouvrir des discussions, illustrer des concepts ou des \u00e9motions, et sont pens\u00e9s pour \u00eatre utilis\u00e9s avec enfants, adolescents ou groupes .<\/p>\n","protected":false},"featured_media":37672,"template":"","meta":[],"product_brand":[],"product_cat":[1106,1115,1081,1114,1077],"product_tag":[],"class_list":{"0":"post-47964","1":"product","2":"type-product","3":"status-publish","4":"has-post-thumbnail","6":"product_cat-anxiety","7":"product_cat-educational","8":"product_cat-french","9":"product_cat-practical","10":"product_cat-text","12":"first","13":"instock","14":"shipping-taxable","15":"product-type-simple"},"jetpack_sharing_enabled":true,"_links":{"self":[{"href":"https:\/\/edyka.org\/en\/wp-json\/wp\/v2\/product\/47964","targetHints":{"allow":["GET"]}}],"collection":[{"href":"https:\/\/edyka.org\/en\/wp-json\/wp\/v2\/product"}],"about":[{"href":"https:\/\/edyka.org\/en\/wp-json\/wp\/v2\/types\/product"}],"wp:featuredmedia":[{"embeddable":true,"href":"https:\/\/edyka.org\/en\/wp-json\/wp\/v2\/media\/37672"}],"wp:attachment":[{"href":"https:\/\/edyka.org\/en\/wp-json\/wp\/v2\/media?parent=47964"}],"wp:term":[{"taxonomy":"product_brand","embeddable":true,"href":"https:\/\/edyka.org\/en\/wp-json\/wp\/v2\/product_brand?post=47964"},{"taxonomy":"product_cat","embeddable":true,"href":"https:\/\/edyka.org\/en\/wp-json\/wp\/v2\/product_cat?post=47964"},{"taxonomy":"product_tag","embeddable":true,"href":"https:\/\/edyka.org\/en\/wp-json\/wp\/v2\/product_tag?post=47964"}],"curies":[{"name":"wp","href":"https:\/\/api.w.org\/{rel}","templated":true}]}}