{"id":47962,"date":"2025-07-22T10:34:29","date_gmt":"2025-07-22T14:34:29","guid":{"rendered":"https:\/\/edyka.org\/produit\/douance\/"},"modified":"2025-07-22T10:34:29","modified_gmt":"2025-07-22T14:34:29","slug":"douance","status":"publish","type":"product","link":"https:\/\/edyka.org\/en\/produit\/douance\/","title":{"rendered":"Douance"},"content":{"rendered":"<blockquote class=\"wp-embedded-content\" data-secret=\"BPLANsSn2i\"><p><a href=\"https:\/\/ciddt.ca\/\" rel=\"nofollow noopener\" target=\"_blank\">Accueil<\/a><\/p><\/blockquote>\n<p><iframe loading=\"lazy\" class=\"wp-embedded-content\" sandbox=\"allow-scripts\" security=\"restricted\" style=\"position: absolute; visibility: hidden;\" title=\"&laquo; Accueil &raquo; &#8212; CIDDT\" src=\"https:\/\/ciddt.ca\/embed\/#?secret=BPLANsSn2i\" data-secret=\"BPLANsSn2i\" width=\"600\" height=\"338\" frameborder=\"0\" marginwidth=\"0\" marginheight=\"0\" scrolling=\"no\"><\/iframe><\/p>\n","protected":false},"excerpt":{"rendered":"<p>Accueillir, comprendre et aider chaque chaque enfant, adolescent, adulte, parent ou famille qui nous consulte dans sa globalit\u00e9, dans son unicit\u00e9 et dans sa propre complexit\u00e9. C\u2019est pourquoi nous offrons des services d\u2019\u00e9valuation et d\u2019intervention en continuit\u00e9, de l\u2019enfance \u00e0 l\u2019\u00e2ge adulte, ainsi que dans toutes les sph\u00e8res de vie de nos clients, et ce, en consid\u00e9rant tant le d\u00e9veloppement de leurs forces que la compensation de leurs difficult\u00e9s.<\/p>\n","protected":false},"featured_media":16527,"template":"","meta":[],"product_brand":[],"product_cat":[1081,1083,1112,1075],"product_tag":[],"class_list":{"0":"post-47962","1":"product","2":"type-product","3":"status-publish","4":"has-post-thumbnail","6":"product_cat-french","7":"product_cat-giftedness","8":"product_cat-institutional","9":"product_cat-organization","11":"first","12":"instock","13":"shipping-taxable","14":"product-type-simple"},"jetpack_sharing_enabled":true,"_links":{"self":[{"href":"https:\/\/edyka.org\/en\/wp-json\/wp\/v2\/product\/47962","targetHints":{"allow":["GET"]}}],"collection":[{"href":"https:\/\/edyka.org\/en\/wp-json\/wp\/v2\/product"}],"about":[{"href":"https:\/\/edyka.org\/en\/wp-json\/wp\/v2\/types\/product"}],"wp:featuredmedia":[{"embeddable":true,"href":"https:\/\/edyka.org\/en\/wp-json\/wp\/v2\/media\/16527"}],"wp:attachment":[{"href":"https:\/\/edyka.org\/en\/wp-json\/wp\/v2\/media?parent=47962"}],"wp:term":[{"taxonomy":"product_brand","embeddable":true,"href":"https:\/\/edyka.org\/en\/wp-json\/wp\/v2\/product_brand?post=47962"},{"taxonomy":"product_cat","embeddable":true,"href":"https:\/\/edyka.org\/en\/wp-json\/wp\/v2\/product_cat?post=47962"},{"taxonomy":"product_tag","embeddable":true,"href":"https:\/\/edyka.org\/en\/wp-json\/wp\/v2\/product_tag?post=47962"}],"curies":[{"name":"wp","href":"https:\/\/api.w.org\/{rel}","templated":true}]}}