{"id":47958,"date":"2025-07-22T10:34:30","date_gmt":"2025-07-22T14:34:30","guid":{"rendered":"https:\/\/edyka.org\/produit\/methode-montessori-apprendre-a-lire-toutes-les-syllabes\/"},"modified":"2025-07-22T10:34:30","modified_gmt":"2025-07-22T14:34:30","slug":"methode-montessori-apprendre-a-lire-toutes-les-syllabes","status":"publish","type":"product","link":"https:\/\/edyka.org\/en\/produit\/methode-montessori-apprendre-a-lire-toutes-les-syllabes\/","title":{"rendered":"M\u00e9thode Montessori, Apprendre \u00e0 lire toutes les syllabes"},"content":{"rendered":"<p><iframe loading=\"lazy\" title=\"M\u00e9thode Montessori || Apprendre \u00e0 lire toutes les syllabes\" width=\"1200\" height=\"675\" src=\"https:\/\/www.youtube.com\/embed\/N_QDEDyPWDg?feature=oembed\" frameborder=\"0\" allow=\"accelerometer; autoplay; clipboard-write; encrypted-media; gyroscope; picture-in-picture; web-share\" referrerpolicy=\"strict-origin-when-cross-origin\" allowfullscreen><\/iframe><\/p>\n","protected":false},"excerpt":{"rendered":"<p>Nous allons voir point par point les 8 premi\u00e8res \u00e9tapes pour apprendre \u00e0 lire selon la m\u00e9thode Montessori.<\/p>\n","protected":false},"featured_media":37654,"template":"","meta":[],"product_brand":[],"product_cat":[1081,1074,1114,1102],"product_tag":[],"class_list":{"0":"post-47958","1":"product","2":"type-product","3":"status-publish","4":"has-post-thumbnail","6":"product_cat-french","7":"product_cat-interactive","8":"product_cat-practical","9":"product_cat-tools","11":"first","12":"instock","13":"shipping-taxable","14":"product-type-simple"},"jetpack_sharing_enabled":true,"_links":{"self":[{"href":"https:\/\/edyka.org\/en\/wp-json\/wp\/v2\/product\/47958","targetHints":{"allow":["GET"]}}],"collection":[{"href":"https:\/\/edyka.org\/en\/wp-json\/wp\/v2\/product"}],"about":[{"href":"https:\/\/edyka.org\/en\/wp-json\/wp\/v2\/types\/product"}],"wp:featuredmedia":[{"embeddable":true,"href":"https:\/\/edyka.org\/en\/wp-json\/wp\/v2\/media\/37654"}],"wp:attachment":[{"href":"https:\/\/edyka.org\/en\/wp-json\/wp\/v2\/media?parent=47958"}],"wp:term":[{"taxonomy":"product_brand","embeddable":true,"href":"https:\/\/edyka.org\/en\/wp-json\/wp\/v2\/product_brand?post=47958"},{"taxonomy":"product_cat","embeddable":true,"href":"https:\/\/edyka.org\/en\/wp-json\/wp\/v2\/product_cat?post=47958"},{"taxonomy":"product_tag","embeddable":true,"href":"https:\/\/edyka.org\/en\/wp-json\/wp\/v2\/product_tag?post=47958"}],"curies":[{"name":"wp","href":"https:\/\/api.w.org\/{rel}","templated":true}]}}