{"id":47957,"date":"2025-07-22T10:34:35","date_gmt":"2025-07-22T14:34:35","guid":{"rendered":"https:\/\/edyka.org\/produit\/difficultes-scolaires-des-eips\/"},"modified":"2026-04-11T21:06:02","modified_gmt":"2026-04-12T01:06:02","slug":"difficultes-scolaires-des-eips","status":"publish","type":"product","link":"https:\/\/edyka.org\/en\/produit\/difficultes-scolaires-des-eips\/","title":{"rendered":"Difficult\u00e9s scolaires des EIPs"},"content":{"rendered":"<p>L&#8217;article est dans notre drive, je t&#8217;envoie une copie par courriel<br \/>\n<a href=\"https:\/\/docs.google.com\/document\/d\/1RSDRolOPWNoojE4SoHf_RGJI0mGW&#8211;rv\/edit\" rel=\"nofollow\">https:\/\/docs.google.com\/document\/d\/1RSDRolOPWNoojE4SoHf_RGJI0mGW&#8211;rv\/edit<\/a><\/p>\n","protected":false},"excerpt":{"rendered":"<p>Cet article aborde les difficult\u00e9s rencontr\u00e9es par les enfants intellectuellement pr\u00e9coces (EIPs) dans le syst\u00e8me scolaire. Les EIPs peuvent \u00e9prouver de la frustration et de l&#8217;ennui en raison de la lenteur de l&#8217;enseignement, et peuvent \u00e9galement avoir des probl\u00e8mes de comportement en classe. Les auteurs de l&#8217;article recommandent des m\u00e9thodes d&#8217;enseignement adapt\u00e9es pour aider les EIPs \u00e0 atteindre leur plein potentiel, telles que l&#8217;utilisation de programmes d&#8217;acc\u00e9l\u00e9ration et de cours de niveau sup\u00e9rieur.<\/p>\n","protected":false},"featured_media":48893,"template":"","meta":[],"product_brand":[],"product_cat":[1081,1083,1116,1077],"product_tag":[],"class_list":{"0":"post-47957","1":"product","2":"type-product","3":"status-publish","4":"has-post-thumbnail","6":"product_cat-french","7":"product_cat-giftedness","8":"product_cat-scientific","9":"product_cat-text","11":"first","12":"instock","13":"shipping-taxable","14":"product-type-simple"},"jetpack_sharing_enabled":true,"_links":{"self":[{"href":"https:\/\/edyka.org\/en\/wp-json\/wp\/v2\/product\/47957","targetHints":{"allow":["GET"]}}],"collection":[{"href":"https:\/\/edyka.org\/en\/wp-json\/wp\/v2\/product"}],"about":[{"href":"https:\/\/edyka.org\/en\/wp-json\/wp\/v2\/types\/product"}],"wp:featuredmedia":[{"embeddable":true,"href":"https:\/\/edyka.org\/en\/wp-json\/wp\/v2\/media\/48893"}],"wp:attachment":[{"href":"https:\/\/edyka.org\/en\/wp-json\/wp\/v2\/media?parent=47957"}],"wp:term":[{"taxonomy":"product_brand","embeddable":true,"href":"https:\/\/edyka.org\/en\/wp-json\/wp\/v2\/product_brand?post=47957"},{"taxonomy":"product_cat","embeddable":true,"href":"https:\/\/edyka.org\/en\/wp-json\/wp\/v2\/product_cat?post=47957"},{"taxonomy":"product_tag","embeddable":true,"href":"https:\/\/edyka.org\/en\/wp-json\/wp\/v2\/product_tag?post=47957"}],"curies":[{"name":"wp","href":"https:\/\/api.w.org\/{rel}","templated":true}]}}