{"id":47952,"date":"2025-07-22T10:34:38","date_gmt":"2025-07-22T14:34:38","guid":{"rendered":"https:\/\/edyka.org\/produit\/time-timer\/"},"modified":"2025-07-22T10:34:38","modified_gmt":"2025-07-22T14:34:38","slug":"time-timer","status":"publish","type":"product","link":"https:\/\/edyka.org\/en\/produit\/time-timer\/","title":{"rendered":"Time Timer"},"content":{"rendered":"<p><a href=\"https:\/\/www.timetimer.com\/?srsltid=AfmBOoq1oGx92nCpNTlVvTO-zz_G9jz1XtfW-t3k6vu1dvwN_gAv99du\" rel=\"nofollow\">https:\/\/www.timetimer.com\/?srsltid=AfmBOoq1oGx92nCpNTlVvTO-zz_G9jz1XtfW-t3k6vu1dvwN_gAv99du<\/a><\/p>\n","protected":false},"excerpt":{"rendered":"<p>Une horloge visuelle avec un disque qui diminue progressivement pour aider les enfants \u00e0 g\u00e9rer leur temps et \u00e0 rester concentr\u00e9s.<\/p>\n","protected":false},"featured_media":37658,"template":"","meta":[],"product_brand":[],"product_cat":[1106,1080,1081,1109,1076,1114],"product_tag":[],"class_list":{"0":"post-47952","1":"product","2":"type-product","3":"status-publish","4":"has-post-thumbnail","6":"product_cat-anxiety","7":"product_cat-english","8":"product_cat-french","9":"product_cat-organization-en","10":"product_cat-physical","11":"product_cat-practical","13":"first","14":"instock","15":"shipping-taxable","16":"product-type-simple"},"jetpack_sharing_enabled":true,"_links":{"self":[{"href":"https:\/\/edyka.org\/en\/wp-json\/wp\/v2\/product\/47952","targetHints":{"allow":["GET"]}}],"collection":[{"href":"https:\/\/edyka.org\/en\/wp-json\/wp\/v2\/product"}],"about":[{"href":"https:\/\/edyka.org\/en\/wp-json\/wp\/v2\/types\/product"}],"wp:featuredmedia":[{"embeddable":true,"href":"https:\/\/edyka.org\/en\/wp-json\/wp\/v2\/media\/37658"}],"wp:attachment":[{"href":"https:\/\/edyka.org\/en\/wp-json\/wp\/v2\/media?parent=47952"}],"wp:term":[{"taxonomy":"product_brand","embeddable":true,"href":"https:\/\/edyka.org\/en\/wp-json\/wp\/v2\/product_brand?post=47952"},{"taxonomy":"product_cat","embeddable":true,"href":"https:\/\/edyka.org\/en\/wp-json\/wp\/v2\/product_cat?post=47952"},{"taxonomy":"product_tag","embeddable":true,"href":"https:\/\/edyka.org\/en\/wp-json\/wp\/v2\/product_tag?post=47952"}],"curies":[{"name":"wp","href":"https:\/\/api.w.org\/{rel}","templated":true}]}}