{"id":47951,"date":"2025-07-22T10:34:54","date_gmt":"2025-07-22T14:34:54","guid":{"rendered":"https:\/\/edyka.org\/produit\/prolexis\/"},"modified":"2025-07-22T10:34:54","modified_gmt":"2025-07-22T14:34:54","slug":"prolexis","status":"publish","type":"product","link":"https:\/\/edyka.org\/en\/produit\/prolexis\/","title":{"rendered":"ProLexis"},"content":{"rendered":"<blockquote class=\"wp-embedded-content\" data-secret=\"Y8Rmudo132\"><p><a href=\"https:\/\/www.prolexis.com\/\" rel=\"nofollow noopener\" target=\"_blank\">ProLexis<\/a><\/p><\/blockquote>\n<p><iframe class=\"wp-embedded-content\" sandbox=\"allow-scripts\" security=\"restricted\" style=\"position: absolute; visibility: hidden;\" title=\"\u00ab\u00a0ProLexis\u00a0\u00bb &#8212; ProLexis\" src=\"https:\/\/www.prolexis.com\/embed\/#?secret=XWJSeHjx8D#?secret=Y8Rmudo132\" data-secret=\"Y8Rmudo132\" width=\"600\" height=\"338\" frameborder=\"0\" marginwidth=\"0\" marginheight=\"0\" scrolling=\"no\"><\/iframe><\/p>\n","protected":false},"excerpt":{"rendered":"<p>Ce logiciel est un logiciel plus avanc\u00e9 et complet, souvent utilis\u00e9 par des utilisateurs plus avanc\u00e9s, mais il peut \u00e9galement \u00eatre adapt\u00e9 aux enfants du primaire avec une supervision et un soutien appropri\u00e9s. Il offre des fonctionnalit\u00e9s avanc\u00e9es de correction orthographique et grammaticale, ainsi que des outils de r\u00e9daction et de v\u00e9rification du style <\/p>\n","protected":false},"featured_media":33736,"template":"","meta":[],"product_brand":[],"product_cat":[1115,1081,1074,1097,1114],"product_tag":[],"class_list":{"0":"post-47951","1":"product","2":"type-product","3":"status-publish","4":"has-post-thumbnail","6":"product_cat-educational","7":"product_cat-french","8":"product_cat-interactive","9":"product_cat-learning","10":"product_cat-practical","12":"first","13":"instock","14":"shipping-taxable","15":"product-type-simple"},"jetpack_sharing_enabled":true,"_links":{"self":[{"href":"https:\/\/edyka.org\/en\/wp-json\/wp\/v2\/product\/47951","targetHints":{"allow":["GET"]}}],"collection":[{"href":"https:\/\/edyka.org\/en\/wp-json\/wp\/v2\/product"}],"about":[{"href":"https:\/\/edyka.org\/en\/wp-json\/wp\/v2\/types\/product"}],"version-history":[{"count":0,"href":"https:\/\/edyka.org\/en\/wp-json\/wp\/v2\/product\/47951\/revisions"}],"wp:featuredmedia":[{"embeddable":true,"href":"https:\/\/edyka.org\/en\/wp-json\/wp\/v2\/media\/33736"}],"wp:attachment":[{"href":"https:\/\/edyka.org\/en\/wp-json\/wp\/v2\/media?parent=47951"}],"wp:term":[{"taxonomy":"product_brand","embeddable":true,"href":"https:\/\/edyka.org\/en\/wp-json\/wp\/v2\/product_brand?post=47951"},{"taxonomy":"product_cat","embeddable":true,"href":"https:\/\/edyka.org\/en\/wp-json\/wp\/v2\/product_cat?post=47951"},{"taxonomy":"product_tag","embeddable":true,"href":"https:\/\/edyka.org\/en\/wp-json\/wp\/v2\/product_tag?post=47951"}],"curies":[{"name":"wp","href":"https:\/\/api.w.org\/{rel}","templated":true}]}}