{"id":47949,"date":"2025-07-22T10:34:55","date_gmt":"2025-07-22T14:34:55","guid":{"rendered":"https:\/\/edyka.org\/produit\/banques-de-ressources-numeriques-pour-lecole-brne-3\/"},"modified":"2025-07-22T10:34:55","modified_gmt":"2025-07-22T14:34:55","slug":"banques-de-ressources-numeriques-pour-lecole-brne-3","status":"publish","type":"product","link":"https:\/\/edyka.org\/en\/produit\/banques-de-ressources-numeriques-pour-lecole-brne-3\/","title":{"rendered":"Banques de Ressources Num\u00e9riques pour l&#8217;Ecole (BRNE)"},"content":{"rendered":"<blockquote class=\"wp-embedded-content\" data-secret=\"p8DWcfJm5r\"><p><a href=\"https:\/\/www.neteduc-cloud.fr\/\" rel=\"nofollow noopener\" target=\"_blank\">Accueil<\/a><\/p><\/blockquote>\n<p><iframe loading=\"lazy\" class=\"wp-embedded-content\" sandbox=\"allow-scripts\" security=\"restricted\" style=\"position: absolute; visibility: hidden;\" title=\"\u00ab\u00a0Accueil\u00a0\u00bb &#8212; Net Education\" src=\"https:\/\/www.neteduc-cloud.fr\/embed\/#?secret=MuTJ13sNVv#?secret=p8DWcfJm5r\" data-secret=\"p8DWcfJm5r\" width=\"600\" height=\"338\" frameborder=\"0\" marginwidth=\"0\" marginheight=\"0\" scrolling=\"no\"><\/iframe><\/p>\n","protected":false},"excerpt":{"rendered":"<p>Banques de Ressources Num\u00e9riques pour l&#8217;Ecole (BRNE) pour enseigner et pour apprendre du CM1 \u00e0 la 3e en math\u00e9matiques<\/p>\n","protected":false},"featured_media":37666,"template":"","meta":[],"product_brand":[],"product_cat":[1115,1081,1074,1097],"product_tag":[],"class_list":{"0":"post-47949","1":"product","2":"type-product","3":"status-publish","4":"has-post-thumbnail","6":"product_cat-educational","7":"product_cat-french","8":"product_cat-interactive","9":"product_cat-learning","11":"first","12":"instock","13":"shipping-taxable","14":"product-type-simple"},"jetpack_sharing_enabled":true,"_links":{"self":[{"href":"https:\/\/edyka.org\/en\/wp-json\/wp\/v2\/product\/47949","targetHints":{"allow":["GET"]}}],"collection":[{"href":"https:\/\/edyka.org\/en\/wp-json\/wp\/v2\/product"}],"about":[{"href":"https:\/\/edyka.org\/en\/wp-json\/wp\/v2\/types\/product"}],"wp:featuredmedia":[{"embeddable":true,"href":"https:\/\/edyka.org\/en\/wp-json\/wp\/v2\/media\/37666"}],"wp:attachment":[{"href":"https:\/\/edyka.org\/en\/wp-json\/wp\/v2\/media?parent=47949"}],"wp:term":[{"taxonomy":"product_brand","embeddable":true,"href":"https:\/\/edyka.org\/en\/wp-json\/wp\/v2\/product_brand?post=47949"},{"taxonomy":"product_cat","embeddable":true,"href":"https:\/\/edyka.org\/en\/wp-json\/wp\/v2\/product_cat?post=47949"},{"taxonomy":"product_tag","embeddable":true,"href":"https:\/\/edyka.org\/en\/wp-json\/wp\/v2\/product_tag?post=47949"}],"curies":[{"name":"wp","href":"https:\/\/api.w.org\/{rel}","templated":true}]}}