{"id":47948,"date":"2025-07-22T10:34:55","date_gmt":"2025-07-22T14:34:55","guid":{"rendered":"https:\/\/edyka.org\/produit\/comment-soutenir-nos-enfants-doues-a-lecole-selon-leur-profil\/"},"modified":"2026-04-11T21:01:30","modified_gmt":"2026-04-12T01:01:30","slug":"comment-soutenir-nos-enfants-doues-a-lecole-selon-leur-profil","status":"publish","type":"product","link":"https:\/\/edyka.org\/en\/produit\/comment-soutenir-nos-enfants-doues-a-lecole-selon-leur-profil\/","title":{"rendered":"Comment soutenir nos enfants dou\u00e9s \u00e0 l\u2019\u00e9cole selon leur profil?"},"content":{"rendered":"<p><a href=\"https:\/\/www.aqdouance.org\/wp-content\/uploads\/2019\/01\/DOUANCE-AQD-SURDOU%C3%89-Six-profils_outils-p%C3%A9dagogiques-1.pdf\" rel=\"nofollow\">https:\/\/www.aqdouance.org\/wp-content\/uploads\/2019\/01\/DOUANCE-AQD-SURDOU%C3%89-Six-profils_outils-p%C3%A9dagogiques-1.pdf<\/a><\/p>\n","protected":false},"excerpt":{"rendered":"<p>L&#8217;article explique comment soutenir les enfants dou\u00e9s \u00e0 l&#8217;\u00e9cole en fonction de leur profil unique. Il souligne l&#8217;importance de reconna\u00eetre les besoins individuels de chaque enfant et de les stimuler en cons\u00e9quence, que ce soit en mati\u00e8re d&#8217;apprentissage, d&#8217;activit\u00e9s ext\u00e9rieures ou de relations sociales. Il recommande \u00e9galement de s&#8217;assurer que les enfants dou\u00e9s re\u00e7oivent des d\u00e9fis appropri\u00e9s et des opportunit\u00e9s pour d\u00e9velopper leurs talents et leurs int\u00e9r\u00eats.<\/p>\n","protected":false},"featured_media":48893,"template":"","meta":[],"product_brand":[],"product_cat":[1080,1081,1083,1116,1077],"product_tag":[],"class_list":{"0":"post-47948","1":"product","2":"type-product","3":"status-publish","4":"has-post-thumbnail","6":"product_cat-english","7":"product_cat-french","8":"product_cat-giftedness","9":"product_cat-scientific","10":"product_cat-text","12":"first","13":"instock","14":"shipping-taxable","15":"product-type-simple"},"jetpack_sharing_enabled":true,"_links":{"self":[{"href":"https:\/\/edyka.org\/en\/wp-json\/wp\/v2\/product\/47948","targetHints":{"allow":["GET"]}}],"collection":[{"href":"https:\/\/edyka.org\/en\/wp-json\/wp\/v2\/product"}],"about":[{"href":"https:\/\/edyka.org\/en\/wp-json\/wp\/v2\/types\/product"}],"wp:featuredmedia":[{"embeddable":true,"href":"https:\/\/edyka.org\/en\/wp-json\/wp\/v2\/media\/48893"}],"wp:attachment":[{"href":"https:\/\/edyka.org\/en\/wp-json\/wp\/v2\/media?parent=47948"}],"wp:term":[{"taxonomy":"product_brand","embeddable":true,"href":"https:\/\/edyka.org\/en\/wp-json\/wp\/v2\/product_brand?post=47948"},{"taxonomy":"product_cat","embeddable":true,"href":"https:\/\/edyka.org\/en\/wp-json\/wp\/v2\/product_cat?post=47948"},{"taxonomy":"product_tag","embeddable":true,"href":"https:\/\/edyka.org\/en\/wp-json\/wp\/v2\/product_tag?post=47948"}],"curies":[{"name":"wp","href":"https:\/\/api.w.org\/{rel}","templated":true}]}}