{"id":47947,"date":"2025-07-22T10:34:56","date_gmt":"2025-07-22T14:34:56","guid":{"rendered":"https:\/\/edyka.org\/produit\/larbre-des-mots-jocatop\/"},"modified":"2025-07-22T10:34:56","modified_gmt":"2025-07-22T14:34:56","slug":"larbre-des-mots-jocatop","status":"publish","type":"product","link":"https:\/\/edyka.org\/en\/produit\/larbre-des-mots-jocatop\/","title":{"rendered":"L&#8217;Arbre des mots, jocatop"},"content":{"rendered":"<p><a href=\"https:\/\/jocatop.fr\/cycle-2\/321-larbre-des-mots.html\" rel=\"nofollow\">https:\/\/jocatop.fr\/cycle-2\/321-larbre-des-mots.html<\/a><\/p>\n","protected":false},"excerpt":{"rendered":"<p>Un jeu \u00e9ducatif utilisant un arbre en bois avec des pi\u00e8ces magn\u00e9tiques repr\u00e9sentant des mots, favorisant la structuration et l&#8217;apprentissage du langage.\u00a0<\/p>\n","protected":false},"featured_media":37656,"template":"","meta":[],"product_brand":[],"product_cat":[1115,1081,1074,1097,1114],"product_tag":[],"class_list":{"0":"post-47947","1":"product","2":"type-product","3":"status-publish","4":"has-post-thumbnail","6":"product_cat-educational","7":"product_cat-french","8":"product_cat-interactive","9":"product_cat-learning","10":"product_cat-practical","12":"first","13":"instock","14":"shipping-taxable","15":"product-type-simple"},"jetpack_sharing_enabled":true,"_links":{"self":[{"href":"https:\/\/edyka.org\/en\/wp-json\/wp\/v2\/product\/47947","targetHints":{"allow":["GET"]}}],"collection":[{"href":"https:\/\/edyka.org\/en\/wp-json\/wp\/v2\/product"}],"about":[{"href":"https:\/\/edyka.org\/en\/wp-json\/wp\/v2\/types\/product"}],"version-history":[{"count":0,"href":"https:\/\/edyka.org\/en\/wp-json\/wp\/v2\/product\/47947\/revisions"}],"wp:featuredmedia":[{"embeddable":true,"href":"https:\/\/edyka.org\/en\/wp-json\/wp\/v2\/media\/37656"}],"wp:attachment":[{"href":"https:\/\/edyka.org\/en\/wp-json\/wp\/v2\/media?parent=47947"}],"wp:term":[{"taxonomy":"product_brand","embeddable":true,"href":"https:\/\/edyka.org\/en\/wp-json\/wp\/v2\/product_brand?post=47947"},{"taxonomy":"product_cat","embeddable":true,"href":"https:\/\/edyka.org\/en\/wp-json\/wp\/v2\/product_cat?post=47947"},{"taxonomy":"product_tag","embeddable":true,"href":"https:\/\/edyka.org\/en\/wp-json\/wp\/v2\/product_tag?post=47947"}],"curies":[{"name":"wp","href":"https:\/\/api.w.org\/{rel}","templated":true}]}}