{"id":47946,"date":"2025-07-22T10:34:56","date_gmt":"2025-07-22T14:34:56","guid":{"rendered":"https:\/\/edyka.org\/produit\/evaluation-et-intervention-aupres-des-comportements-defis-deficience-intellectuelle\/"},"modified":"2026-04-12T21:21:29","modified_gmt":"2026-04-13T01:21:29","slug":"evaluation-et-intervention-aupres-des-comportements-defis-deficience-intellectuelle","status":"publish","type":"product","link":"https:\/\/edyka.org\/en\/produit\/evaluation-et-intervention-aupres-des-comportements-defis-deficience-intellectuelle\/","title":{"rendered":"\u00c9valuation et intervention aupr\u00e8s des comportements-d\u00e9fis\u202f: d\u00e9ficience intellectuelle"},"content":{"rendered":"<p><a href=\"https:\/\/www.leslibraires.ca\/Livre\/evaluation-et-intervention-aupres-des-comportements-eric-willaye-9782804182731.html\" rel=\"nofollow\">https:\/\/www.leslibraires.ca\/Livre\/evaluation-et-intervention-aupres-des-comportements-eric-willaye-9782804182731.html<\/a><\/p>\n","protected":false},"excerpt":{"rendered":"<p>Ce livre est principalement destin\u00e9 aux psychologues, p\u00e9do-psychiatres sp\u00e9cialistes de l&#8217;autisme, orthophonistes et membres de personnel \u00e9ducatif. Il s&#8217;adresse \u00e9galement aux familles et proches des personnes pr\u00e9sentant des d\u00e9ficiences intellectuelles et\/ou de l&#8217;autisme et souffrant de comportements-d\u00e9fis.<\/p>\n","protected":false},"featured_media":27739,"template":"","meta":[],"product_brand":[],"product_cat":[1081,1086,1116,1077],"product_tag":[],"class_list":{"0":"post-47946","1":"product","2":"type-product","3":"status-publish","4":"has-post-thumbnail","6":"product_cat-french","7":"product_cat-intellectual-disability","8":"product_cat-scientific","9":"product_cat-text","11":"first","12":"instock","13":"shipping-taxable","14":"product-type-simple"},"jetpack_sharing_enabled":true,"_links":{"self":[{"href":"https:\/\/edyka.org\/en\/wp-json\/wp\/v2\/product\/47946","targetHints":{"allow":["GET"]}}],"collection":[{"href":"https:\/\/edyka.org\/en\/wp-json\/wp\/v2\/product"}],"about":[{"href":"https:\/\/edyka.org\/en\/wp-json\/wp\/v2\/types\/product"}],"wp:featuredmedia":[{"embeddable":true,"href":"https:\/\/edyka.org\/en\/wp-json\/wp\/v2\/media\/27739"}],"wp:attachment":[{"href":"https:\/\/edyka.org\/en\/wp-json\/wp\/v2\/media?parent=47946"}],"wp:term":[{"taxonomy":"product_brand","embeddable":true,"href":"https:\/\/edyka.org\/en\/wp-json\/wp\/v2\/product_brand?post=47946"},{"taxonomy":"product_cat","embeddable":true,"href":"https:\/\/edyka.org\/en\/wp-json\/wp\/v2\/product_cat?post=47946"},{"taxonomy":"product_tag","embeddable":true,"href":"https:\/\/edyka.org\/en\/wp-json\/wp\/v2\/product_tag?post=47946"}],"curies":[{"name":"wp","href":"https:\/\/api.w.org\/{rel}","templated":true}]}}