{"id":47938,"date":"2025-07-22T10:35:00","date_gmt":"2025-07-22T14:35:00","guid":{"rendered":"https:\/\/edyka.org\/produit\/jeu-de-construction-kapla\/"},"modified":"2025-07-22T10:35:00","modified_gmt":"2025-07-22T14:35:00","slug":"jeu-de-construction-kapla","status":"publish","type":"product","link":"https:\/\/edyka.org\/en\/produit\/jeu-de-construction-kapla\/","title":{"rendered":"Jeu de construction &#8220;Kapla&#8221;"},"content":{"rendered":"<p><a href=\"https:\/\/www.kapla.com\/fr\/tous-nos-produits_c2.html\" rel=\"nofollow\">https:\/\/www.kapla.com\/fr\/tous-nos-produits_c2.html<\/a><\/p>\n","protected":false},"excerpt":{"rendered":"<p>Les Kapla sont des planchettes en bois de taille identique, permettant aux enfants de cr\u00e9er des structures et des formes vari\u00e9es. Ce jeu favorise la coordination des mains et des doigts, ainsi que la planification et l&#8217;ex\u00e9cution de mouvements pr\u00e9cis. <\/p>\n","protected":false},"featured_media":37662,"template":"","meta":[],"product_brand":[],"product_cat":[1080,1081,1100,1076,1114,1113],"product_tag":[],"class_list":{"0":"post-47938","1":"product","2":"type-product","3":"status-publish","4":"has-post-thumbnail","6":"product_cat-english","7":"product_cat-french","8":"product_cat-motor-coordination","9":"product_cat-physical","10":"product_cat-practical","11":"product_cat-youth","13":"first","14":"instock","15":"shipping-taxable","16":"product-type-simple"},"jetpack_sharing_enabled":true,"_links":{"self":[{"href":"https:\/\/edyka.org\/en\/wp-json\/wp\/v2\/product\/47938","targetHints":{"allow":["GET"]}}],"collection":[{"href":"https:\/\/edyka.org\/en\/wp-json\/wp\/v2\/product"}],"about":[{"href":"https:\/\/edyka.org\/en\/wp-json\/wp\/v2\/types\/product"}],"wp:featuredmedia":[{"embeddable":true,"href":"https:\/\/edyka.org\/en\/wp-json\/wp\/v2\/media\/37662"}],"wp:attachment":[{"href":"https:\/\/edyka.org\/en\/wp-json\/wp\/v2\/media?parent=47938"}],"wp:term":[{"taxonomy":"product_brand","embeddable":true,"href":"https:\/\/edyka.org\/en\/wp-json\/wp\/v2\/product_brand?post=47938"},{"taxonomy":"product_cat","embeddable":true,"href":"https:\/\/edyka.org\/en\/wp-json\/wp\/v2\/product_cat?post=47938"},{"taxonomy":"product_tag","embeddable":true,"href":"https:\/\/edyka.org\/en\/wp-json\/wp\/v2\/product_tag?post=47938"}],"curies":[{"name":"wp","href":"https:\/\/api.w.org\/{rel}","templated":true}]}}