{"id":47931,"date":"2025-07-22T10:35:04","date_gmt":"2025-07-22T14:35:04","guid":{"rendered":"https:\/\/edyka.org\/produit\/muzzy\/"},"modified":"2025-07-22T10:35:04","modified_gmt":"2025-07-22T14:35:04","slug":"muzzy","status":"publish","type":"product","link":"https:\/\/edyka.org\/en\/produit\/muzzy\/","title":{"rendered":"Muzzy"},"content":{"rendered":"<p><iframe loading=\"lazy\" title=\"Learn English For Kids. Muzzy In Gondoland - Ep 1 of 12 English lessons for kids by the BBC&#039;s Muzzy\" width=\"1200\" height=\"675\" src=\"https:\/\/www.youtube.com\/embed\/Dtl6z4EPZmE?feature=oembed\" frameborder=\"0\" allow=\"accelerometer; autoplay; clipboard-write; encrypted-media; gyroscope; picture-in-picture; web-share\" referrerpolicy=\"strict-origin-when-cross-origin\" allowfullscreen><\/iframe><\/p>\n","protected":false},"excerpt":{"rendered":"<p>Cr\u00e9\u00e9 par des anglais, votre enfant y trouvera aussi de nombreuses r\u00e9f\u00e9rences \u00e0 la culture britannique (par exemple, la royaut\u00e9). <\/p>\n","protected":false},"featured_media":37654,"template":"","meta":[],"product_brand":[],"product_cat":[1080,1097,1078,1113],"product_tag":[],"class_list":{"0":"post-47931","1":"product","2":"type-product","3":"status-publish","4":"has-post-thumbnail","6":"product_cat-english","7":"product_cat-learning","8":"product_cat-video-en","9":"product_cat-youth","11":"first","12":"instock","13":"shipping-taxable","14":"product-type-simple"},"jetpack_sharing_enabled":true,"_links":{"self":[{"href":"https:\/\/edyka.org\/en\/wp-json\/wp\/v2\/product\/47931","targetHints":{"allow":["GET"]}}],"collection":[{"href":"https:\/\/edyka.org\/en\/wp-json\/wp\/v2\/product"}],"about":[{"href":"https:\/\/edyka.org\/en\/wp-json\/wp\/v2\/types\/product"}],"wp:featuredmedia":[{"embeddable":true,"href":"https:\/\/edyka.org\/en\/wp-json\/wp\/v2\/media\/37654"}],"wp:attachment":[{"href":"https:\/\/edyka.org\/en\/wp-json\/wp\/v2\/media?parent=47931"}],"wp:term":[{"taxonomy":"product_brand","embeddable":true,"href":"https:\/\/edyka.org\/en\/wp-json\/wp\/v2\/product_brand?post=47931"},{"taxonomy":"product_cat","embeddable":true,"href":"https:\/\/edyka.org\/en\/wp-json\/wp\/v2\/product_cat?post=47931"},{"taxonomy":"product_tag","embeddable":true,"href":"https:\/\/edyka.org\/en\/wp-json\/wp\/v2\/product_tag?post=47931"}],"curies":[{"name":"wp","href":"https:\/\/api.w.org\/{rel}","templated":true}]}}