{"id":47919,"date":"2025-07-22T10:35:23","date_gmt":"2025-07-22T14:35:23","guid":{"rendered":"https:\/\/edyka.org\/produit\/naitre-et-grandir\/"},"modified":"2025-07-22T10:35:23","modified_gmt":"2025-07-22T14:35:23","slug":"naitre-et-grandir","status":"publish","type":"product","link":"https:\/\/edyka.org\/en\/produit\/naitre-et-grandir\/","title":{"rendered":"Naitre et grandir"},"content":{"rendered":"<p><a href=\"https:\/\/naitreetgrandir.com\/fr\/\" rel=\"nofollow\">https:\/\/naitreetgrandir.com\/fr\/<\/a><\/p>\n","protected":false},"excerpt":{"rendered":"<p>Le site internet &#8220;Naitre et grandir&#8221; est un portail d\u00e9di\u00e9 \u00e0 l&#8217;\u00e9ducation et \u00e0 la parentalit\u00e9. Il offre des conseils et des informations sur les diff\u00e9rents aspects de la croissance et de l&#8217;\u00e9panouissement des enfants, de la grossesse jusqu&#8217;\u00e0 l&#8217;\u00e2ge adolescent. Les sujets abord\u00e9s incluent la sant\u00e9, le d\u00e9veloppement, l&#8217;alimentation, l&#8217;\u00e9ducation, les activit\u00e9s, les relations familiales et les d\u00e9fis quotidiens des parents. Le site contient \u00e9galement des articles \u00e9crits par des experts et des t\u00e9moignages de parents pour aider les parents \u00e0 naviguer dans leur r\u00f4le de parent.<\/p>\n","protected":false},"featured_media":23669,"template":"","meta":[],"product_brand":[],"product_cat":[1080,1081,1074,1118,1108],"product_tag":[],"class_list":{"0":"post-47919","1":"product","2":"type-product","3":"status-publish","4":"has-post-thumbnail","6":"product_cat-english","7":"product_cat-french","8":"product_cat-interactive","9":"product_cat-popularization","10":"product_cat-social-skills","12":"first","13":"instock","14":"shipping-taxable","15":"product-type-simple"},"jetpack_sharing_enabled":true,"_links":{"self":[{"href":"https:\/\/edyka.org\/en\/wp-json\/wp\/v2\/product\/47919","targetHints":{"allow":["GET"]}}],"collection":[{"href":"https:\/\/edyka.org\/en\/wp-json\/wp\/v2\/product"}],"about":[{"href":"https:\/\/edyka.org\/en\/wp-json\/wp\/v2\/types\/product"}],"wp:featuredmedia":[{"embeddable":true,"href":"https:\/\/edyka.org\/en\/wp-json\/wp\/v2\/media\/23669"}],"wp:attachment":[{"href":"https:\/\/edyka.org\/en\/wp-json\/wp\/v2\/media?parent=47919"}],"wp:term":[{"taxonomy":"product_brand","embeddable":true,"href":"https:\/\/edyka.org\/en\/wp-json\/wp\/v2\/product_brand?post=47919"},{"taxonomy":"product_cat","embeddable":true,"href":"https:\/\/edyka.org\/en\/wp-json\/wp\/v2\/product_cat?post=47919"},{"taxonomy":"product_tag","embeddable":true,"href":"https:\/\/edyka.org\/en\/wp-json\/wp\/v2\/product_tag?post=47919"}],"curies":[{"name":"wp","href":"https:\/\/api.w.org\/{rel}","templated":true}]}}