{"id":47918,"date":"2025-07-22T10:35:24","date_gmt":"2025-07-22T14:35:24","guid":{"rendered":"https:\/\/edyka.org\/produit\/collection-jaime-lire-dys\/"},"modified":"2026-04-11T17:05:12","modified_gmt":"2026-04-11T21:05:12","slug":"collection-jaime-lire-dys","status":"publish","type":"product","link":"https:\/\/edyka.org\/en\/produit\/collection-jaime-lire-dys\/","title":{"rendered":"Collection \u00ab\u202fJ\u2019aime Lire Dys\u202f\u00bb"},"content":{"rendered":"<p><a href=\"https:\/\/app-enfant.fr\/application\/les-Livre-enrichis-jaime-lire-dys\/\" rel=\"nofollow\">https:\/\/app-enfant.fr\/application\/les-Livre-enrichis-jaime-lire-dys\/<\/a><\/p>\n","protected":false},"excerpt":{"rendered":"<p>Pour lire autrement et appr\u00e9cier la lecture, la collection J\u2019aime Lire Dys emm\u00e8ne les petits lecteurs sur la voie de la d\u00e9mat\u00e9rialisation. Ils retrouvent les histoires de la collection sur support num\u00e9rique. R\u00e9alis\u00e9s avec des orthophonistes, ces Livre affichent une police adapt\u00e9e, des codes couleur, des mots compliqu\u00e9s expliqu\u00e9s\u2026 Avec le suivi audio, la lecture s\u2019envisage ainsi diff\u00e9remment.<\/p>\n","protected":false},"featured_media":48901,"template":"","meta":[],"product_brand":[],"product_cat":[1115,1081,1097,1077],"product_tag":[],"class_list":{"0":"post-47918","1":"product","2":"type-product","3":"status-publish","4":"has-post-thumbnail","6":"product_cat-educational","7":"product_cat-french","8":"product_cat-learning","9":"product_cat-text","11":"first","12":"instock","13":"shipping-taxable","14":"product-type-simple"},"jetpack_sharing_enabled":true,"_links":{"self":[{"href":"https:\/\/edyka.org\/en\/wp-json\/wp\/v2\/product\/47918","targetHints":{"allow":["GET"]}}],"collection":[{"href":"https:\/\/edyka.org\/en\/wp-json\/wp\/v2\/product"}],"about":[{"href":"https:\/\/edyka.org\/en\/wp-json\/wp\/v2\/types\/product"}],"wp:featuredmedia":[{"embeddable":true,"href":"https:\/\/edyka.org\/en\/wp-json\/wp\/v2\/media\/48901"}],"wp:attachment":[{"href":"https:\/\/edyka.org\/en\/wp-json\/wp\/v2\/media?parent=47918"}],"wp:term":[{"taxonomy":"product_brand","embeddable":true,"href":"https:\/\/edyka.org\/en\/wp-json\/wp\/v2\/product_brand?post=47918"},{"taxonomy":"product_cat","embeddable":true,"href":"https:\/\/edyka.org\/en\/wp-json\/wp\/v2\/product_cat?post=47918"},{"taxonomy":"product_tag","embeddable":true,"href":"https:\/\/edyka.org\/en\/wp-json\/wp\/v2\/product_tag?post=47918"}],"curies":[{"name":"wp","href":"https:\/\/api.w.org\/{rel}","templated":true}]}}