{"id":47917,"date":"2025-07-22T10:35:24","date_gmt":"2025-07-22T14:35:24","guid":{"rendered":"https:\/\/edyka.org\/produit\/collection-busy-play-batons-de-calcul\/"},"modified":"2026-04-11T17:04:41","modified_gmt":"2026-04-11T21:04:41","slug":"collection-busy-play-batons-de-calcul","status":"publish","type":"product","link":"https:\/\/edyka.org\/en\/produit\/collection-busy-play-batons-de-calcul\/","title":{"rendered":"Collection Busy Play B\u00e2tons de calcul"},"content":{"rendered":"<p><a href=\"https:\/\/www.fdmt.ca\/products-search?qs=busy+play\" rel=\"nofollow\">https:\/\/www.fdmt.ca\/products-search?qs=busy+play<\/a><\/p>\n","protected":false},"excerpt":{"rendered":"<p>Ce jeu simple et intuitif est con\u00e7u pour aider les enfants \u00e0 comprendre concr\u00e8tement les bases du calcul.<\/p>\n","protected":false},"featured_media":37666,"template":"","meta":[],"product_brand":[],"product_cat":[1115,1080,1081,1097,1076,1114],"product_tag":[1121,1120],"class_list":{"0":"post-47917","1":"product","2":"type-product","3":"status-publish","4":"has-post-thumbnail","6":"product_cat-educational","7":"product_cat-english","8":"product_cat-french","9":"product_cat-learning","10":"product_cat-physical","11":"product_cat-practical","12":"product_tag-new","13":"product_tag-teachers","15":"first","16":"instock","17":"shipping-taxable","18":"product-type-simple"},"jetpack_sharing_enabled":true,"_links":{"self":[{"href":"https:\/\/edyka.org\/en\/wp-json\/wp\/v2\/product\/47917","targetHints":{"allow":["GET"]}}],"collection":[{"href":"https:\/\/edyka.org\/en\/wp-json\/wp\/v2\/product"}],"about":[{"href":"https:\/\/edyka.org\/en\/wp-json\/wp\/v2\/types\/product"}],"wp:featuredmedia":[{"embeddable":true,"href":"https:\/\/edyka.org\/en\/wp-json\/wp\/v2\/media\/37666"}],"wp:attachment":[{"href":"https:\/\/edyka.org\/en\/wp-json\/wp\/v2\/media?parent=47917"}],"wp:term":[{"taxonomy":"product_brand","embeddable":true,"href":"https:\/\/edyka.org\/en\/wp-json\/wp\/v2\/product_brand?post=47917"},{"taxonomy":"product_cat","embeddable":true,"href":"https:\/\/edyka.org\/en\/wp-json\/wp\/v2\/product_cat?post=47917"},{"taxonomy":"product_tag","embeddable":true,"href":"https:\/\/edyka.org\/en\/wp-json\/wp\/v2\/product_tag?post=47917"}],"curies":[{"name":"wp","href":"https:\/\/api.w.org\/{rel}","templated":true}]}}