{"id":47916,"date":"2025-07-22T10:35:24","date_gmt":"2025-07-22T14:35:24","guid":{"rendered":"https:\/\/edyka.org\/produit\/math-dice\/"},"modified":"2025-07-22T10:35:24","modified_gmt":"2025-07-22T14:35:24","slug":"math-dice","status":"publish","type":"product","link":"https:\/\/edyka.org\/en\/produit\/math-dice\/","title":{"rendered":"Math Dice"},"content":{"rendered":"<p><a href=\"https:\/\/www.thinkfun.com\/en-US\/products\/educational-games\/math-dice-44001510\" rel=\"nofollow\">https:\/\/www.thinkfun.com\/en-US\/products\/educational-games\/math-dice-44001510<\/a><\/p>\n","protected":false},"excerpt":{"rendered":"<p>Un jeu de d\u00e9s o\u00f9 les joueurs lancent des d\u00e9s pour cr\u00e9er des \u00e9quations math\u00e9matiques et marquer des points en utilisant des op\u00e9rations arithm\u00e9tiques. <\/p>\n","protected":false},"featured_media":37666,"template":"","meta":[],"product_brand":[],"product_cat":[1080,1081,1097,1076,1114,1113],"product_tag":[],"class_list":{"0":"post-47916","1":"product","2":"type-product","3":"status-publish","4":"has-post-thumbnail","6":"product_cat-english","7":"product_cat-french","8":"product_cat-learning","9":"product_cat-physical","10":"product_cat-practical","11":"product_cat-youth","13":"first","14":"instock","15":"shipping-taxable","16":"product-type-simple"},"jetpack_sharing_enabled":true,"_links":{"self":[{"href":"https:\/\/edyka.org\/en\/wp-json\/wp\/v2\/product\/47916","targetHints":{"allow":["GET"]}}],"collection":[{"href":"https:\/\/edyka.org\/en\/wp-json\/wp\/v2\/product"}],"about":[{"href":"https:\/\/edyka.org\/en\/wp-json\/wp\/v2\/types\/product"}],"wp:featuredmedia":[{"embeddable":true,"href":"https:\/\/edyka.org\/en\/wp-json\/wp\/v2\/media\/37666"}],"wp:attachment":[{"href":"https:\/\/edyka.org\/en\/wp-json\/wp\/v2\/media?parent=47916"}],"wp:term":[{"taxonomy":"product_brand","embeddable":true,"href":"https:\/\/edyka.org\/en\/wp-json\/wp\/v2\/product_brand?post=47916"},{"taxonomy":"product_cat","embeddable":true,"href":"https:\/\/edyka.org\/en\/wp-json\/wp\/v2\/product_cat?post=47916"},{"taxonomy":"product_tag","embeddable":true,"href":"https:\/\/edyka.org\/en\/wp-json\/wp\/v2\/product_tag?post=47916"}],"curies":[{"name":"wp","href":"https:\/\/api.w.org\/{rel}","templated":true}]}}