{"id":47914,"date":"2025-07-22T10:35:28","date_gmt":"2025-07-22T14:35:28","guid":{"rendered":"https:\/\/edyka.org\/produit\/stabilo-easy-original\/"},"modified":"2025-07-22T10:35:28","modified_gmt":"2025-07-22T14:35:28","slug":"stabilo-easy-original","status":"publish","type":"product","link":"https:\/\/edyka.org\/en\/produit\/stabilo-easy-original\/","title":{"rendered":"Stabilo Easy original"},"content":{"rendered":"<p><a href=\"https:\/\/www.stabilo.com\/ch-fr\/produits\/apprendre-a-ecrire\/stylos-roller\/stabilo-easyoriginal\/\" rel=\"nofollow\">https:\/\/www.stabilo.com\/ch-fr\/produits\/apprendre-a-ecrire\/stylos-roller\/stabilo-easyoriginal\/<\/a><\/p>\n","protected":false},"excerpt":{"rendered":"<p>Ce stylo ergonomique est \u00e9quip\u00e9 d&#8217;un grip antid\u00e9rapant et d&#8217;une forme triangulaire pour une prise en main naturelle. Il est disponible en diff\u00e9rentes couleurs attrayantes pour les enfants.<\/p>\n","protected":false},"featured_media":37662,"template":"","meta":[],"product_brand":[],"product_cat":[1080,1081,1100,1076,1114],"product_tag":[],"class_list":{"0":"post-47914","1":"product","2":"type-product","3":"status-publish","4":"has-post-thumbnail","6":"product_cat-english","7":"product_cat-french","8":"product_cat-motor-coordination","9":"product_cat-physical","10":"product_cat-practical","12":"first","13":"instock","14":"shipping-taxable","15":"product-type-simple"},"jetpack_sharing_enabled":true,"_links":{"self":[{"href":"https:\/\/edyka.org\/en\/wp-json\/wp\/v2\/product\/47914","targetHints":{"allow":["GET"]}}],"collection":[{"href":"https:\/\/edyka.org\/en\/wp-json\/wp\/v2\/product"}],"about":[{"href":"https:\/\/edyka.org\/en\/wp-json\/wp\/v2\/types\/product"}],"wp:featuredmedia":[{"embeddable":true,"href":"https:\/\/edyka.org\/en\/wp-json\/wp\/v2\/media\/37662"}],"wp:attachment":[{"href":"https:\/\/edyka.org\/en\/wp-json\/wp\/v2\/media?parent=47914"}],"wp:term":[{"taxonomy":"product_brand","embeddable":true,"href":"https:\/\/edyka.org\/en\/wp-json\/wp\/v2\/product_brand?post=47914"},{"taxonomy":"product_cat","embeddable":true,"href":"https:\/\/edyka.org\/en\/wp-json\/wp\/v2\/product_cat?post=47914"},{"taxonomy":"product_tag","embeddable":true,"href":"https:\/\/edyka.org\/en\/wp-json\/wp\/v2\/product_tag?post=47914"}],"curies":[{"name":"wp","href":"https:\/\/api.w.org\/{rel}","templated":true}]}}