{"id":47913,"date":"2025-07-22T10:35:29","date_gmt":"2025-07-22T14:35:29","guid":{"rendered":"https:\/\/edyka.org\/produit\/anagrammes\/"},"modified":"2026-04-10T22:58:53","modified_gmt":"2026-04-11T02:58:53","slug":"anagrammes","status":"publish","type":"product","link":"https:\/\/edyka.org\/en\/produit\/anagrammes\/","title":{"rendered":"Anagrammes"},"content":{"rendered":"<p><a href=\"https:\/\/apps.apple.com\/fr\/app\/anagrammes\/id494435426\" rel=\"nofollow\">https:\/\/apps.apple.com\/fr\/app\/anagrammes\/id494435426<\/a><\/p>\n","protected":false},"excerpt":{"rendered":"<p>Jeu de mots: diff\u00e9rents niveaux de difficult\u00e9.Possible d&#8217;\u00e9diter sa propre liste de mots.ABC Applications(E. Crombez) propose plusieurs applications en math\u00e9matiques (et fran\u00e7ais). iPad seulement<\/p>\n","protected":false},"featured_media":37660,"template":"","meta":[],"product_brand":[],"product_cat":[1101,1081,1083,1074,1114,1113],"product_tag":[],"class_list":{"0":"post-47913","1":"product","2":"type-product","3":"status-publish","4":"has-post-thumbnail","6":"product_cat-enrichment","7":"product_cat-french","8":"product_cat-giftedness","9":"product_cat-interactive","10":"product_cat-practical","11":"product_cat-youth","13":"first","14":"instock","15":"shipping-taxable","16":"product-type-simple"},"jetpack_sharing_enabled":true,"_links":{"self":[{"href":"https:\/\/edyka.org\/en\/wp-json\/wp\/v2\/product\/47913","targetHints":{"allow":["GET"]}}],"collection":[{"href":"https:\/\/edyka.org\/en\/wp-json\/wp\/v2\/product"}],"about":[{"href":"https:\/\/edyka.org\/en\/wp-json\/wp\/v2\/types\/product"}],"wp:featuredmedia":[{"embeddable":true,"href":"https:\/\/edyka.org\/en\/wp-json\/wp\/v2\/media\/37660"}],"wp:attachment":[{"href":"https:\/\/edyka.org\/en\/wp-json\/wp\/v2\/media?parent=47913"}],"wp:term":[{"taxonomy":"product_brand","embeddable":true,"href":"https:\/\/edyka.org\/en\/wp-json\/wp\/v2\/product_brand?post=47913"},{"taxonomy":"product_cat","embeddable":true,"href":"https:\/\/edyka.org\/en\/wp-json\/wp\/v2\/product_cat?post=47913"},{"taxonomy":"product_tag","embeddable":true,"href":"https:\/\/edyka.org\/en\/wp-json\/wp\/v2\/product_tag?post=47913"}],"curies":[{"name":"wp","href":"https:\/\/api.w.org\/{rel}","templated":true}]}}