{"id":47912,"date":"2025-07-22T10:35:30","date_gmt":"2025-07-22T14:35:30","guid":{"rendered":"https:\/\/edyka.org\/produit\/collection-lire-en-couleur\/"},"modified":"2025-07-22T10:35:30","modified_gmt":"2025-07-22T14:35:30","slug":"collection-lire-en-couleur","status":"publish","type":"product","link":"https:\/\/edyka.org\/en\/produit\/collection-lire-en-couleur\/","title":{"rendered":"Collection &#8220;Lire en couleur&#8221;"},"content":{"rendered":"<p><a href=\"https:\/\/www.mieuxenseigner.ca\/boutique\/index.php?route=product\/product&#038;product_id=24737\" rel=\"nofollow\">https:\/\/www.mieuxenseigner.ca\/boutique\/index.php?route=product\/product&#038;product_id=24737<\/a><\/p>\n","protected":false},"excerpt":{"rendered":"<p>Cette collection, \u00e9dit\u00e9e par les Editions Kennes, offre des Livre adapt\u00e9s aux enfants dyslexiques, avec une mise en page sp\u00e9cifique, des polices de caract\u00e8res adapt\u00e9es et des illustrations pour faciliter la lecture.\u00a0<\/p>\n","protected":false},"featured_media":34930,"template":"","meta":[],"product_brand":[],"product_cat":[1115,1081,1097,1077],"product_tag":[],"class_list":{"0":"post-47912","1":"product","2":"type-product","3":"status-publish","4":"has-post-thumbnail","6":"product_cat-educational","7":"product_cat-french","8":"product_cat-learning","9":"product_cat-text","11":"first","12":"instock","13":"shipping-taxable","14":"product-type-simple"},"jetpack_sharing_enabled":true,"_links":{"self":[{"href":"https:\/\/edyka.org\/en\/wp-json\/wp\/v2\/product\/47912","targetHints":{"allow":["GET"]}}],"collection":[{"href":"https:\/\/edyka.org\/en\/wp-json\/wp\/v2\/product"}],"about":[{"href":"https:\/\/edyka.org\/en\/wp-json\/wp\/v2\/types\/product"}],"wp:featuredmedia":[{"embeddable":true,"href":"https:\/\/edyka.org\/en\/wp-json\/wp\/v2\/media\/34930"}],"wp:attachment":[{"href":"https:\/\/edyka.org\/en\/wp-json\/wp\/v2\/media?parent=47912"}],"wp:term":[{"taxonomy":"product_brand","embeddable":true,"href":"https:\/\/edyka.org\/en\/wp-json\/wp\/v2\/product_brand?post=47912"},{"taxonomy":"product_cat","embeddable":true,"href":"https:\/\/edyka.org\/en\/wp-json\/wp\/v2\/product_cat?post=47912"},{"taxonomy":"product_tag","embeddable":true,"href":"https:\/\/edyka.org\/en\/wp-json\/wp\/v2\/product_tag?post=47912"}],"curies":[{"name":"wp","href":"https:\/\/api.w.org\/{rel}","templated":true}]}}