{"id":47910,"date":"2025-07-22T10:35:30","date_gmt":"2025-07-22T14:35:30","guid":{"rendered":"https:\/\/edyka.org\/produit\/deficiences-intellectuelles-et-integration-sociale\/"},"modified":"2025-07-22T10:35:30","modified_gmt":"2025-07-22T14:35:30","slug":"deficiences-intellectuelles-et-integration-sociale","status":"publish","type":"product","link":"https:\/\/edyka.org\/en\/produit\/deficiences-intellectuelles-et-integration-sociale\/","title":{"rendered":"D\u00e9ficiences intellectuelles et int\u00e9gration sociale"},"content":{"rendered":"<p><a href=\"https:\/\/www.cairn.info\/deficiences-intellectuelles-et-integration-sociale&#8211;9782870099438.htm\" rel=\"nofollow\">https:\/\/www.cairn.info\/deficiences-intellectuelles-et-integration-sociale&#8211;9782870099438.htm<\/a><\/p>\n","protected":false},"excerpt":{"rendered":"<p>Apr\u00e8s avoir pass\u00e9 en revue les causes de d\u00e9ficience intellectuelle, cet ouvrage se concentre sur celles qui sont d\u2019origine g\u00e9n\u00e9tique, en associant rigueur scientifique et effort pour se mettre \u00e0 la port\u00e9e de tous.<\/p>\n","protected":false},"featured_media":23615,"template":"","meta":[],"product_brand":[],"product_cat":[1081,1086,1116,1077],"product_tag":[],"class_list":{"0":"post-47910","1":"product","2":"type-product","3":"status-publish","4":"has-post-thumbnail","6":"product_cat-french","7":"product_cat-intellectual-disability","8":"product_cat-scientific","9":"product_cat-text","11":"first","12":"instock","13":"shipping-taxable","14":"product-type-simple"},"jetpack_sharing_enabled":true,"_links":{"self":[{"href":"https:\/\/edyka.org\/en\/wp-json\/wp\/v2\/product\/47910","targetHints":{"allow":["GET"]}}],"collection":[{"href":"https:\/\/edyka.org\/en\/wp-json\/wp\/v2\/product"}],"about":[{"href":"https:\/\/edyka.org\/en\/wp-json\/wp\/v2\/types\/product"}],"wp:featuredmedia":[{"embeddable":true,"href":"https:\/\/edyka.org\/en\/wp-json\/wp\/v2\/media\/23615"}],"wp:attachment":[{"href":"https:\/\/edyka.org\/en\/wp-json\/wp\/v2\/media?parent=47910"}],"wp:term":[{"taxonomy":"product_brand","embeddable":true,"href":"https:\/\/edyka.org\/en\/wp-json\/wp\/v2\/product_brand?post=47910"},{"taxonomy":"product_cat","embeddable":true,"href":"https:\/\/edyka.org\/en\/wp-json\/wp\/v2\/product_cat?post=47910"},{"taxonomy":"product_tag","embeddable":true,"href":"https:\/\/edyka.org\/en\/wp-json\/wp\/v2\/product_tag?post=47910"}],"curies":[{"name":"wp","href":"https:\/\/api.w.org\/{rel}","templated":true}]}}