{"id":47907,"date":"2025-07-22T10:35:32","date_gmt":"2025-07-22T14:35:32","guid":{"rendered":"https:\/\/edyka.org\/produit\/enfants-exceptionnels-precocite-intellectuellehaut-potentiel-et-talent\/"},"modified":"2026-04-11T20:58:19","modified_gmt":"2026-04-12T00:58:19","slug":"enfants-exceptionnels-precocite-intellectuellehaut-potentiel-et-talent","status":"publish","type":"product","link":"https:\/\/edyka.org\/en\/produit\/enfants-exceptionnels-precocite-intellectuellehaut-potentiel-et-talent\/","title":{"rendered":"Enfants exceptionnels : pr\u00e9cocit\u00e9 intellectuelle,haut potentiel et talent"},"content":{"rendered":"<p><a href=\"https:\/\/www.prologue.ca\/670876-78-livre-Psychologie\/Enfants_exceptionnels___Precocite_intellectuelle_haut_potentiel_et_talent.html?editeurID=5849&#038;id1Retour=78&#038;pRetour=03_210&#038;tri=10_desc_1_asc&#038;page=1\" rel=\"nofollow\">https:\/\/www.prologue.ca\/670876-78-livre-Psychologie\/Enfants_exceptionnels___Precocite_intellectuelle_haut_potentiel_et_talent.html?editeurID=5849&#038;id1Retour=78&#038;pRetour=03_210&#038;tri=10_desc_1_asc&#038;page=1<\/a><\/p>\n","protected":false},"excerpt":{"rendered":"<p>Cet article met en avant l&#8217;importance de reconna\u00eetre et de soutenir les enfants exceptionnels, notamment ceux qui pr\u00e9sentent une pr\u00e9cocit\u00e9 intellectuelle ou un haut potentiel. Il souligne l&#8217;importance de ne pas confondre ces termes et de les utiliser de mani\u00e8re appropri\u00e9e, ainsi que de ne pas limiter les capacit\u00e9s de ces enfants en les comparant aux autres. Il est important de les encourager \u00e0 d\u00e9velopper leur talent et de les soutenir dans leur parcours scolaire et professionnel.<\/p>\n","protected":false},"featured_media":48893,"template":"","meta":[],"product_brand":[],"product_cat":[1081,1083,1116,1077],"product_tag":[],"class_list":{"0":"post-47907","1":"product","2":"type-product","3":"status-publish","4":"has-post-thumbnail","6":"product_cat-french","7":"product_cat-giftedness","8":"product_cat-scientific","9":"product_cat-text","11":"first","12":"instock","13":"shipping-taxable","14":"product-type-simple"},"jetpack_sharing_enabled":true,"_links":{"self":[{"href":"https:\/\/edyka.org\/en\/wp-json\/wp\/v2\/product\/47907","targetHints":{"allow":["GET"]}}],"collection":[{"href":"https:\/\/edyka.org\/en\/wp-json\/wp\/v2\/product"}],"about":[{"href":"https:\/\/edyka.org\/en\/wp-json\/wp\/v2\/types\/product"}],"wp:featuredmedia":[{"embeddable":true,"href":"https:\/\/edyka.org\/en\/wp-json\/wp\/v2\/media\/48893"}],"wp:attachment":[{"href":"https:\/\/edyka.org\/en\/wp-json\/wp\/v2\/media?parent=47907"}],"wp:term":[{"taxonomy":"product_brand","embeddable":true,"href":"https:\/\/edyka.org\/en\/wp-json\/wp\/v2\/product_brand?post=47907"},{"taxonomy":"product_cat","embeddable":true,"href":"https:\/\/edyka.org\/en\/wp-json\/wp\/v2\/product_cat?post=47907"},{"taxonomy":"product_tag","embeddable":true,"href":"https:\/\/edyka.org\/en\/wp-json\/wp\/v2\/product_tag?post=47907"}],"curies":[{"name":"wp","href":"https:\/\/api.w.org\/{rel}","templated":true}]}}