{"id":47899,"date":"2025-07-22T10:35:36","date_gmt":"2025-07-22T14:35:36","guid":{"rendered":"https:\/\/edyka.org\/produit\/la-deficience-intellectuelle\/"},"modified":"2025-07-22T10:35:36","modified_gmt":"2025-07-22T14:35:36","slug":"la-deficience-intellectuelle","status":"publish","type":"product","link":"https:\/\/edyka.org\/en\/produit\/la-deficience-intellectuelle\/","title":{"rendered":"La d\u00e9ficience intellectuelle"},"content":{"rendered":"<p><a href=\"https:\/\/www.decitre.fr\/Livre\/la-deficience-intellectuelle-9782891058407.html\" rel=\"nofollow\">https:\/\/www.decitre.fr\/Livre\/la-deficience-intellectuelle-9782891058407.html<\/a><\/p>\n","protected":false},"excerpt":{"rendered":"<p>Cet ouvrage permettra au lecteur de se familiariser avec le domaine de la d\u00e9ficience intellectuelle afin de mieux comprendre les personnes qui pr\u00e9sentent cette condition et d&#8217;intervenir plus efficacement aupr\u00e8s d&#8217;elles.<\/p>\n","protected":false},"featured_media":23631,"template":"","meta":[],"product_brand":[],"product_cat":[1081,1086,1116,1077],"product_tag":[],"class_list":{"0":"post-47899","1":"product","2":"type-product","3":"status-publish","4":"has-post-thumbnail","6":"product_cat-french","7":"product_cat-intellectual-disability","8":"product_cat-scientific","9":"product_cat-text","11":"first","12":"instock","13":"shipping-taxable","14":"product-type-simple"},"jetpack_sharing_enabled":true,"_links":{"self":[{"href":"https:\/\/edyka.org\/en\/wp-json\/wp\/v2\/product\/47899","targetHints":{"allow":["GET"]}}],"collection":[{"href":"https:\/\/edyka.org\/en\/wp-json\/wp\/v2\/product"}],"about":[{"href":"https:\/\/edyka.org\/en\/wp-json\/wp\/v2\/types\/product"}],"wp:featuredmedia":[{"embeddable":true,"href":"https:\/\/edyka.org\/en\/wp-json\/wp\/v2\/media\/23631"}],"wp:attachment":[{"href":"https:\/\/edyka.org\/en\/wp-json\/wp\/v2\/media?parent=47899"}],"wp:term":[{"taxonomy":"product_brand","embeddable":true,"href":"https:\/\/edyka.org\/en\/wp-json\/wp\/v2\/product_brand?post=47899"},{"taxonomy":"product_cat","embeddable":true,"href":"https:\/\/edyka.org\/en\/wp-json\/wp\/v2\/product_cat?post=47899"},{"taxonomy":"product_tag","embeddable":true,"href":"https:\/\/edyka.org\/en\/wp-json\/wp\/v2\/product_tag?post=47899"}],"curies":[{"name":"wp","href":"https:\/\/api.w.org\/{rel}","templated":true}]}}