{"id":47896,"date":"2025-07-22T10:35:37","date_gmt":"2025-07-22T14:35:37","guid":{"rendered":"https:\/\/edyka.org\/produit\/sudoku\/"},"modified":"2025-07-22T10:35:37","modified_gmt":"2025-07-22T14:35:37","slug":"sudoku","status":"publish","type":"product","link":"https:\/\/edyka.org\/en\/produit\/sudoku\/","title":{"rendered":"Sudoku"},"content":{"rendered":"<p><a href=\"https:\/\/sudoku.com\/fr\" rel=\"nofollow\">https:\/\/sudoku.com\/fr<\/a><\/p>\n","protected":false},"excerpt":{"rendered":"<p>Un jeu de logique et de r\u00e9solution de probl\u00e8mes qui consiste \u00e0 remplir une grille avec des chiffres tout en respectant certaines r\u00e8gles.<\/p>\n","protected":false},"featured_media":37666,"template":"","meta":[],"product_brand":[],"product_cat":[1081,1097,1076,1114,1113],"product_tag":[],"class_list":{"0":"post-47896","1":"product","2":"type-product","3":"status-publish","4":"has-post-thumbnail","6":"product_cat-french","7":"product_cat-learning","8":"product_cat-physical","9":"product_cat-practical","10":"product_cat-youth","12":"first","13":"instock","14":"shipping-taxable","15":"product-type-simple"},"jetpack_sharing_enabled":true,"_links":{"self":[{"href":"https:\/\/edyka.org\/en\/wp-json\/wp\/v2\/product\/47896","targetHints":{"allow":["GET"]}}],"collection":[{"href":"https:\/\/edyka.org\/en\/wp-json\/wp\/v2\/product"}],"about":[{"href":"https:\/\/edyka.org\/en\/wp-json\/wp\/v2\/types\/product"}],"wp:featuredmedia":[{"embeddable":true,"href":"https:\/\/edyka.org\/en\/wp-json\/wp\/v2\/media\/37666"}],"wp:attachment":[{"href":"https:\/\/edyka.org\/en\/wp-json\/wp\/v2\/media?parent=47896"}],"wp:term":[{"taxonomy":"product_brand","embeddable":true,"href":"https:\/\/edyka.org\/en\/wp-json\/wp\/v2\/product_brand?post=47896"},{"taxonomy":"product_cat","embeddable":true,"href":"https:\/\/edyka.org\/en\/wp-json\/wp\/v2\/product_cat?post=47896"},{"taxonomy":"product_tag","embeddable":true,"href":"https:\/\/edyka.org\/en\/wp-json\/wp\/v2\/product_tag?post=47896"}],"curies":[{"name":"wp","href":"https:\/\/api.w.org\/{rel}","templated":true}]}}