{"id":47894,"date":"2025-07-22T10:35:38","date_gmt":"2025-07-22T14:35:38","guid":{"rendered":"https:\/\/edyka.org\/produit\/anxiety-canada\/"},"modified":"2025-07-22T10:35:38","modified_gmt":"2025-07-22T14:35:38","slug":"anxiety-canada","status":"publish","type":"product","link":"https:\/\/edyka.org\/en\/produit\/anxiety-canada\/","title":{"rendered":"Anxiety Canada"},"content":{"rendered":"<p><a href=\"https:\/\/www.anxietycanada.com\/fr\/\" rel=\"nofollow\">https:\/\/www.anxietycanada.com\/fr\/<\/a><\/p>\n","protected":false},"excerpt":{"rendered":"<p>Notre mission est de r\u00e9duire la barri\u00e8re de l&#8217;anxi\u00e9t\u00e9 et des troubles connexes afin que les gens puissent vivre la vie qu&#8217;ils souhaitent. Nous offrons des ressources et des programmes fiables pour aider les individus \u00e0 trouver un soulagement \u00e0 l&#8217;anxi\u00e9t\u00e9 et aux troubles obsessionnels compulsifs (TOC).<\/p>\n","protected":false},"featured_media":37672,"template":"","meta":[],"product_brand":[],"product_cat":[1106,1080,1081,1112,1074],"product_tag":[],"class_list":{"0":"post-47894","1":"product","2":"type-product","3":"status-publish","4":"has-post-thumbnail","6":"product_cat-anxiety","7":"product_cat-english","8":"product_cat-french","9":"product_cat-institutional","10":"product_cat-interactive","12":"first","13":"instock","14":"shipping-taxable","15":"product-type-simple"},"jetpack_sharing_enabled":true,"_links":{"self":[{"href":"https:\/\/edyka.org\/en\/wp-json\/wp\/v2\/product\/47894","targetHints":{"allow":["GET"]}}],"collection":[{"href":"https:\/\/edyka.org\/en\/wp-json\/wp\/v2\/product"}],"about":[{"href":"https:\/\/edyka.org\/en\/wp-json\/wp\/v2\/types\/product"}],"wp:featuredmedia":[{"embeddable":true,"href":"https:\/\/edyka.org\/en\/wp-json\/wp\/v2\/media\/37672"}],"wp:attachment":[{"href":"https:\/\/edyka.org\/en\/wp-json\/wp\/v2\/media?parent=47894"}],"wp:term":[{"taxonomy":"product_brand","embeddable":true,"href":"https:\/\/edyka.org\/en\/wp-json\/wp\/v2\/product_brand?post=47894"},{"taxonomy":"product_cat","embeddable":true,"href":"https:\/\/edyka.org\/en\/wp-json\/wp\/v2\/product_cat?post=47894"},{"taxonomy":"product_tag","embeddable":true,"href":"https:\/\/edyka.org\/en\/wp-json\/wp\/v2\/product_tag?post=47894"}],"curies":[{"name":"wp","href":"https:\/\/api.w.org\/{rel}","templated":true}]}}