{"id":47891,"date":"2025-07-22T10:35:40","date_gmt":"2025-07-22T14:35:40","guid":{"rendered":"https:\/\/edyka.org\/produit\/facilidys\/"},"modified":"2026-04-11T17:02:31","modified_gmt":"2026-04-11T21:02:31","slug":"facilidys","status":"publish","type":"product","link":"https:\/\/edyka.org\/en\/produit\/facilidys\/","title":{"rendered":"FaciliDYS"},"content":{"rendered":"<blockquote class=\"wp-embedded-content\" data-secret=\"m7lsRIdHpv\"><p><a href=\"https:\/\/terresrouges.eu\/methode-lecture-dyslexie-facilidys\/\" rel=\"nofollow noopener\" target=\"_blank\">La M\u00e9thode FaciliDYS\u00a9<\/a><\/p><\/blockquote>\n<p><iframe loading=\"lazy\" class=\"wp-embedded-content\" sandbox=\"allow-scripts\" security=\"restricted\" style=\"position: absolute; visibility: hidden;\" title=\"\u00ab\u00a0La M\u00e9thode FaciliDYS\u00a9\u00a0\u00bb &#8212; M\u00e9thode FaciliDYS\u00a9\" src=\"https:\/\/terresrouges.eu\/methode-lecture-dyslexie-facilidys\/embed\/#?secret=fV7wGVPZ9H#?secret=m7lsRIdHpv\" data-secret=\"m7lsRIdHpv\" width=\"600\" height=\"338\" frameborder=\"0\" marginwidth=\"0\" marginheight=\"0\" scrolling=\"no\"><\/iframe><\/p>\n","protected":false},"excerpt":{"rendered":"<p>Cette m\u00e9thode propose une approche multisensorielle de l&#8217;apprentissage de la lecture pour les enfants dyslexiques. Elle combine des outils visuels, auditifs et kinesth\u00e9siques pour aider les enfants \u00e0 comprendre les correspondances entre les lettres et les sons. Elle met \u00e9galement l&#8217;accent sur le renforcement de la confiance en soi et de l&#8217;estime de soi des enfants. FaciliDYS est appr\u00e9ci\u00e9e pour sa simplicit\u00e9 et son accessibilit\u00e9.<\/p>\n","protected":false},"featured_media":48901,"template":"","meta":[],"product_brand":[],"product_cat":[1115,1081,1097,1077],"product_tag":[],"class_list":{"0":"post-47891","1":"product","2":"type-product","3":"status-publish","4":"has-post-thumbnail","6":"product_cat-educational","7":"product_cat-french","8":"product_cat-learning","9":"product_cat-text","11":"first","12":"instock","13":"shipping-taxable","14":"product-type-simple"},"jetpack_sharing_enabled":true,"_links":{"self":[{"href":"https:\/\/edyka.org\/en\/wp-json\/wp\/v2\/product\/47891","targetHints":{"allow":["GET"]}}],"collection":[{"href":"https:\/\/edyka.org\/en\/wp-json\/wp\/v2\/product"}],"about":[{"href":"https:\/\/edyka.org\/en\/wp-json\/wp\/v2\/types\/product"}],"wp:featuredmedia":[{"embeddable":true,"href":"https:\/\/edyka.org\/en\/wp-json\/wp\/v2\/media\/48901"}],"wp:attachment":[{"href":"https:\/\/edyka.org\/en\/wp-json\/wp\/v2\/media?parent=47891"}],"wp:term":[{"taxonomy":"product_brand","embeddable":true,"href":"https:\/\/edyka.org\/en\/wp-json\/wp\/v2\/product_brand?post=47891"},{"taxonomy":"product_cat","embeddable":true,"href":"https:\/\/edyka.org\/en\/wp-json\/wp\/v2\/product_cat?post=47891"},{"taxonomy":"product_tag","embeddable":true,"href":"https:\/\/edyka.org\/en\/wp-json\/wp\/v2\/product_tag?post=47891"}],"curies":[{"name":"wp","href":"https:\/\/api.w.org\/{rel}","templated":true}]}}